{"id":8146,"date":"2021-09-03T06:35:17","date_gmt":"2021-09-03T04:35:17","guid":{"rendered":"http:\/\/www.devsolutiongroup.net\/?page_id=8146"},"modified":"2021-09-05T02:54:44","modified_gmt":"2021-09-05T00:54:44","slug":"acompagnement-dadizor","status":"publish","type":"page","link":"https:\/\/www.devsolutiongroup.net\/index.php\/acompagnement-dadizor\/","title":{"rendered":"ACOMPAGNEMENT D\u2019ADIZOR"},"content":{"rendered":"\t\t<div data-elementor-type=\"wp-page\" data-elementor-id=\"8146\" class=\"elementor elementor-8146\">\n\t\t\t\t\t\t\t\t\t<section class=\"elementor-section elementor-top-section elementor-element elementor-element-592060e6 elementor-section-height-min-height elementor-section-full_width elementor-section-height-default elementor-section-items-middle\" data-id=\"592060e6\" data-element_type=\"section\" data-settings=\"{&quot;background_background&quot;:&quot;classic&quot;}\">\n\t\t\t\t\t\t\t<div class=\"elementor-background-overlay\"><\/div>\n\t\t\t\t\t\t\t<div class=\"elementor-container elementor-column-gap-default\">\n\t\t\t\t\t<div class=\"elementor-column elementor-col-100 elementor-top-column elementor-element elementor-element-6bab3981\" data-id=\"6bab3981\" data-element_type=\"column\">\n\t\t\t<div class=\"elementor-widget-wrap elementor-element-populated\">\n\t\t\t\t\t\t\t\t<div class=\"elementor-element elementor-element-268a95b7 elementor-invisible elementor-widget elementor-widget-heading\" data-id=\"268a95b7\" data-element_type=\"widget\" data-settings=\"{&quot;_animation&quot;:&quot;fadeInDown&quot;}\" data-widget_type=\"heading.default\">\n\t\t\t\t<div class=\"elementor-widget-container\">\n\t\t\t<h1 class=\"elementor-heading-title elementor-size-default\">ACCOMPAGNEMENT D'ADIZOR<\/h1>\t\t<\/div>\n\t\t\t\t<\/div>\n\t\t\t\t<div class=\"elementor-element elementor-element-53ecf877 elementor-invisible elementor-widget elementor-widget-text-editor\" data-id=\"53ecf877\" data-element_type=\"widget\" data-settings=\"{&quot;_animation&quot;:&quot;fadeIn&quot;}\" data-widget_type=\"text-editor.default\">\n\t\t\t\t<div class=\"elementor-widget-container\">\n\t\t\t\t\t\t\t<p>Nous accompagnons l&rsquo;association ADIZOR dans l&rsquo;identification, le montage des projets ainsi que la recherche des financements aupr\u00e8s des bailleurs de fonds. Nous appuyons \u00e9galement l&rsquo;association dans la mise en \u0153uvre de ses projets.<\/p>\t\t\t\t\t\t<\/div>\n\t\t\t\t<\/div>\n\t\t\t\t\t<\/div>\n\t\t<\/div>\n\t\t\t\t\t\t\t<\/div>\n\t\t<\/section>\n\t\t\t\t<section class=\"elementor-section elementor-top-section elementor-element elementor-element-40ae0147 elementor-section-full_width elementor-section-height-default elementor-section-height-default\" data-id=\"40ae0147\" data-element_type=\"section\" data-settings=\"{&quot;background_background&quot;:&quot;classic&quot;}\">\n\t\t\t\t\t\t<div class=\"elementor-container elementor-column-gap-default\">\n\t\t\t\t\t<div class=\"elementor-column elementor-col-100 elementor-top-column elementor-element elementor-element-693d80\" data-id=\"693d80\" data-element_type=\"column\">\n\t\t\t<div class=\"elementor-widget-wrap elementor-element-populated\">\n\t\t\t\t\t\t\t\t<section class=\"elementor-section elementor-inner-section elementor-element elementor-element-273c54f9 elementor-reverse-mobile elementor-section-boxed elementor-section-height-default elementor-section-height-default\" data-id=\"273c54f9\" data-element_type=\"section\">\n\t\t\t\t\t\t<div class=\"elementor-container elementor-column-gap-default\">\n\t\t\t\t\t<div class=\"elementor-column elementor-col-33 elementor-inner-column elementor-element elementor-element-6f4d924b\" data-id=\"6f4d924b\" data-element_type=\"column\">\n\t\t\t<div class=\"elementor-widget-wrap elementor-element-populated\">\n\t\t\t\t\t\t\t\t<div class=\"elementor-element elementor-element-6c88a6d3 elementor-widget elementor-widget-spacer\" data-id=\"6c88a6d3\" data-element_type=\"widget\" data-widget_type=\"spacer.default\">\n\t\t\t\t<div class=\"elementor-widget-container\">\n\t\t\t\t\t<div class=\"elementor-spacer\">\n\t\t\t<div class=\"elementor-spacer-inner\"><\/div>\n\t\t<\/div>\n\t\t\t\t<\/div>\n\t\t\t\t<\/div>\n\t\t\t\t<div class=\"elementor-element elementor-element-a94cd9c elementor-widget-divider--view-line elementor-widget elementor-widget-divider\" data-id=\"a94cd9c\" data-element_type=\"widget\" data-widget_type=\"divider.default\">\n\t\t\t\t<div class=\"elementor-widget-container\">\n\t\t\t\t\t<div class=\"elementor-divider\">\n\t\t\t<span class=\"elementor-divider-separator\">\n\t\t\t\t\t\t<\/span>\n\t\t<\/div>\n\t\t\t\t<\/div>\n\t\t\t\t<\/div>\n\t\t\t\t<div class=\"elementor-element elementor-element-b461dcf elementor-align-justify elementor-invisible elementor-widget elementor-widget-button\" data-id=\"b461dcf\" data-element_type=\"widget\" data-settings=\"{&quot;_animation&quot;:&quot;fadeInUp&quot;}\" data-widget_type=\"button.default\">\n\t\t\t\t<div class=\"elementor-widget-container\">\n\t\t\t\t\t<div class=\"elementor-button-wrapper\">\n\t\t\t<a class=\"elementor-button elementor-button-link elementor-size-md\" href=\"https:\/\/www.devsolutiongroup.net\/index.php\/contact\/\">\n\t\t\t\t\t\t<span class=\"elementor-button-content-wrapper\">\n\t\t\t\t\t\t<span class=\"elementor-button-icon elementor-align-icon-left\">\n\t\t\t\t<i aria-hidden=\"true\" class=\"far fa-comment-dots\"><\/i>\t\t\t<\/span>\n\t\t\t\t\t\t<span class=\"elementor-button-text\">EN SAVOIR PLUS<\/span>\n\t\t<\/span>\n\t\t\t\t\t<\/a>\n\t\t<\/div>\n\t\t\t\t<\/div>\n\t\t\t\t<\/div>\n\t\t\t\t\t<\/div>\n\t\t<\/div>\n\t\t\t\t<div class=\"elementor-column elementor-col-66 elementor-inner-column elementor-element elementor-element-4975e9bf\" data-id=\"4975e9bf\" data-element_type=\"column\">\n\t\t\t<div class=\"elementor-widget-wrap elementor-element-populated\">\n\t\t\t\t\t\t\t\t<div class=\"elementor-element elementor-element-3109b571 elementor-widget elementor-widget-heading\" data-id=\"3109b571\" data-element_type=\"widget\" data-widget_type=\"heading.default\">\n\t\t\t\t<div class=\"elementor-widget-container\">\n\t\t\t<h2 class=\"elementor-heading-title elementor-size-default\">NOTRE APPROCHE D\u2019INTERVENTION<\/h2>\t\t<\/div>\n\t\t\t\t<\/div>\n\t\t\t\t<div class=\"elementor-element elementor-element-5284aa2 elementor-widget-divider--view-line elementor-widget elementor-widget-divider\" data-id=\"5284aa2\" data-element_type=\"widget\" data-widget_type=\"divider.default\">\n\t\t\t\t<div class=\"elementor-widget-container\">\n\t\t\t\t\t<div class=\"elementor-divider\">\n\t\t\t<span class=\"elementor-divider-separator\">\n\t\t\t\t\t\t<\/span>\n\t\t<\/div>\n\t\t\t\t<\/div>\n\t\t\t\t<\/div>\n\t\t\t\t<div class=\"elementor-element elementor-element-658c87d6 elementor-arrows-position-inside elementor-pagination-position-outside elementor-widget elementor-widget-image-carousel\" data-id=\"658c87d6\" data-element_type=\"widget\" data-settings=\"{&quot;slides_to_show&quot;:&quot;3&quot;,&quot;navigation&quot;:&quot;both&quot;,&quot;autoplay&quot;:&quot;yes&quot;,&quot;pause_on_hover&quot;:&quot;yes&quot;,&quot;pause_on_interaction&quot;:&quot;yes&quot;,&quot;autoplay_speed&quot;:5000,&quot;infinite&quot;:&quot;yes&quot;,&quot;speed&quot;:500}\" data-widget_type=\"image-carousel.default\">\n\t\t\t\t<div class=\"elementor-widget-container\">\n\t\t\t\t\t<div class=\"elementor-image-carousel-wrapper swiper-container\" dir=\"ltr\">\n\t\t\t<div class=\"elementor-image-carousel swiper-wrapper\" aria-live=\"off\">\n\t\t\t\t\t\t\t\t<div class=\"swiper-slide\" role=\"group\" aria-roledescription=\"slide\" aria-label=\"1 sur 8\"><figure class=\"swiper-slide-inner\"><img decoding=\"async\" class=\"swiper-slide-image\" src=\"https:\/\/www.devsolutiongroup.net\/wp-content\/uploads\/elementor\/thumbs\/34469342_598097807230330_2076738930975178752_n-Copie-pcn6klj65evzuskrsrny62ym74on9r03xos3z4ez8g.jpg\" alt=\"34469342_598097807230330_2076738930975178752_n - Copie\" \/><\/figure><\/div><div class=\"swiper-slide\" role=\"group\" aria-roledescription=\"slide\" aria-label=\"2 sur 8\"><figure class=\"swiper-slide-inner\"><img decoding=\"async\" class=\"swiper-slide-image\" src=\"https:\/\/www.devsolutiongroup.net\/wp-content\/uploads\/elementor\/thumbs\/34479780_598097547230356_8375723884091015168_n-Copie-pcn6kocopwzutmgocavtvk8zzaaqwubay2qkeyasps.jpg\" alt=\"34479780_598097547230356_8375723884091015168_n - Copie\" \/><\/figure><\/div><div class=\"swiper-slide\" role=\"group\" aria-roledescription=\"slide\" aria-label=\"3 sur 8\"><figure class=\"swiper-slide-inner\"><img decoding=\"async\" class=\"swiper-slide-image\" src=\"https:\/\/www.devsolutiongroup.net\/wp-content\/uploads\/elementor\/thumbs\/34560461_598097777230333_5261829786551975936_n-pcn6kr67af3psgckvu3pl1jdrfwujxmhygp0us6m74.jpg\" alt=\"34560461_598097777230333_5261829786551975936_n\" \/><\/figure><\/div><div class=\"swiper-slide\" role=\"group\" aria-roledescription=\"slide\" aria-label=\"4 sur 8\"><figure class=\"swiper-slide-inner\"><img decoding=\"async\" class=\"swiper-slide-image\" src=\"https:\/\/www.devsolutiongroup.net\/wp-content\/uploads\/elementor\/thumbs\/34605370_598097860563658_2807989548712198144_n-pcn6kt1vo36afo9ukuwyq12ay7nkzbtympzztc3tuo.jpg\" alt=\"34605370_598097860563658_2807989548712198144_n\" \/><\/figure><\/div><div class=\"swiper-slide\" role=\"group\" aria-roledescription=\"slide\" aria-label=\"5 sur 8\"><figure class=\"swiper-slide-inner\"><img decoding=\"async\" class=\"swiper-slide-image\" src=\"https:\/\/www.devsolutiongroup.net\/wp-content\/uploads\/elementor\/thumbs\/34706976_598343360539108_1493276020474642432_o-Copie-pcn6kuxk1r8v2w749vq7v0l84zebeq1fazayrw11i8.jpg\" alt=\"34706976_598343360539108_1493276020474642432_o - Copie\" \/><\/figure><\/div><div class=\"swiper-slide\" role=\"group\" aria-roledescription=\"slide\" aria-label=\"6 sur 8\"><figure class=\"swiper-slide-inner\"><img decoding=\"async\" class=\"swiper-slide-image\" src=\"https:\/\/www.devsolutiongroup.net\/wp-content\/uploads\/elementor\/thumbs\/AAAA-Copie-scaled-pcn6l9yz33tg8nl9u288ywsln5c6tvp4p1qqgbeqqo.jpg\" alt=\"AAAA - Copie\" \/><\/figure><\/div><div class=\"swiper-slide\" role=\"group\" aria-roledescription=\"slide\" aria-label=\"7 sur 8\"><figure class=\"swiper-slide-inner\"><img decoding=\"async\" class=\"swiper-slide-image\" src=\"https:\/\/www.devsolutiongroup.net\/wp-content\/uploads\/elementor\/thumbs\/AAAAAA-Copie-scaled-pcn6lxgxtypmawn50udx78v4hs4d6baf4a1vg8fwf4.jpg\" alt=\"AAAAAA - Copie\" \/><\/figure><\/div><div class=\"swiper-slide\" role=\"group\" aria-roledescription=\"slide\" aria-label=\"8 sur 8\"><figure class=\"swiper-slide-inner\"><img decoding=\"async\" class=\"swiper-slide-image\" src=\"https:\/\/www.devsolutiongroup.net\/wp-content\/uploads\/elementor\/thumbs\/34560461_598097777230333_5261829786551975936_n-Copie-pcn6kq8d3l2fgudy1bp30jrx621hc8irmc1jdi80dc.jpg\" alt=\"34560461_598097777230333_5261829786551975936_n - Copie\" \/><\/figure><\/div>\t\t\t<\/div>\n\t\t\t\t\t\t\t\t\t\t\t\t<div class=\"elementor-swiper-button elementor-swiper-button-prev\" role=\"button\" tabindex=\"0\">\n\t\t\t\t\t\t<i aria-hidden=\"true\" class=\"eicon-chevron-left\"><\/i>\t\t\t\t\t<\/div>\n\t\t\t\t\t<div class=\"elementor-swiper-button elementor-swiper-button-next\" role=\"button\" tabindex=\"0\">\n\t\t\t\t\t\t<i aria-hidden=\"true\" class=\"eicon-chevron-right\"><\/i>\t\t\t\t\t<\/div>\n\t\t\t\t\n\t\t\t\t\t\t\t\t\t<div class=\"swiper-pagination\"><\/div>\n\t\t\t\t\t\t\t\t\t<\/div>\n\t\t\t\t<\/div>\n\t\t\t\t<\/div>\n\t\t\t\t<div class=\"elementor-element elementor-element-273e2c5b elementor-widget elementor-widget-text-editor\" data-id=\"273e2c5b\" data-element_type=\"widget\" data-widget_type=\"text-editor.default\">\n\t\t\t\t<div class=\"elementor-widget-container\">\n\t\t\t\t\t\t\t<p>En tant que partenaire, nous avons accompagn\u00e9 de mani\u00e8re technique et scientifique l&rsquo;association ADIZOR sur plusieurs questions et dans de nombreux projets.<\/p><p>Nous sommes convaincus que les partenariats entre les acteurs de la soci\u00e9t\u00e9 civile, et les organisations priv\u00e9es renforcent l&rsquo;appui des populations vuln\u00e9rables et l&rsquo;efficacit\u00e9 dans les actions de d\u00e9veloppement sur le terrain.<\/p>\t\t\t\t\t\t<\/div>\n\t\t\t\t<\/div>\n\t\t\t\t<div class=\"elementor-element elementor-element-1ccdc584 elementor-widget elementor-widget-heading\" data-id=\"1ccdc584\" data-element_type=\"widget\" data-widget_type=\"heading.default\">\n\t\t\t\t<div class=\"elementor-widget-container\">\n\t\t\t<h2 class=\"elementor-heading-title elementor-size-default\">LE PARTENAIRE EN QUELQUES MOTS<\/h2>\t\t<\/div>\n\t\t\t\t<\/div>\n\t\t\t\t<div class=\"elementor-element elementor-element-14a7ab84 elementor-widget-divider--view-line elementor-widget elementor-widget-divider\" data-id=\"14a7ab84\" data-element_type=\"widget\" data-widget_type=\"divider.default\">\n\t\t\t\t<div class=\"elementor-widget-container\">\n\t\t\t\t\t<div class=\"elementor-divider\">\n\t\t\t<span class=\"elementor-divider-separator\">\n\t\t\t\t\t\t<\/span>\n\t\t<\/div>\n\t\t\t\t<\/div>\n\t\t\t\t<\/div>\n\t\t\t\t<div class=\"elementor-element elementor-element-13fda1b3 elementor-widget elementor-widget-text-editor\" data-id=\"13fda1b3\" data-element_type=\"widget\" data-widget_type=\"text-editor.default\">\n\t\t\t\t<div class=\"elementor-widget-container\">\n\t\t\t\t\t\t\t<p>ADIZOR est une jeune association de droit camerounais ayant son si\u00e8ge \u00e0 Yaound\u00e9 et dont le but est de promouvoir le d\u00e9veloppement int\u00e9gr\u00e9 de l\u2019Afrique dans toutes ses composantes \u00e0 savoir: \u00e9conomiques, sociales, environnementales et \u00e9thiques. Elle a pour ambition d\u2019\u0153uvrer dans le d\u00e9veloppement social urbain et rural en permettant aux populations d\u2019apporter des solutions appropri\u00e9es et durables dans leur cadre de vie sp\u00e9cifique afin de favoriser leur bien-\u00eatre et contribuer ainsi\u00a0 \u00e0 l\u2019am\u00e9lioration de leur condition de vie .<\/p><p>Les actions d\u2019ADIZOR ont pour objectif de d\u00e9velopper la prise de conscience sur la n\u00e9cessit\u00e9 d\u2019am\u00e9liorer de fa\u00e7on participative le cadre de vie aussi bien des communaut\u00e9s locales rurales, des populations marginalis\u00e9es que des communaut\u00e9s des zones urbaines et p\u00e9riurbaines.<\/p><p>\u00a0<\/p><p style=\"mso-pagination: widow-orphan; text-align: justify; text-justify: newspaper; text-kashida-space: 50%; line-height: 150%;\"><span lang=\"fr-CM\" style=\"font-size: 14.0pt; line-height: 150%; font-family: Tahoma; mso-default-font-family: Tahoma; mso-ascii-font-family: Tahoma; mso-latin-font-family: Tahoma; mso-greek-font-family: Tahoma; mso-cyrillic-font-family: Tahoma; mso-armenian-font-family: Tahoma; mso-hebrew-font-family: Tahoma; mso-arabic-font-family: Tahoma; mso-thai-font-family: Tahoma; mso-currency-font-family: Tahoma; mso-latinext-font-family: Tahoma; color: black; mso-style-textfill-type: solid; mso-style-textfill-fill-color: black; mso-style-textfill-fill-alpha: 100%; language: fr-CM; mso-ansi-language: fr; mso-bidi-language: ar-SA; mso-ligatures: none;\">\u00a0<\/span><span lang=\"fr-CM\" style=\"font-size: 14.0pt; line-height: 150%; font-family: Tahoma; mso-default-font-family: Tahoma; mso-ascii-font-family: Tahoma; mso-latin-font-family: Tahoma; mso-greek-font-family: Tahoma; mso-cyrillic-font-family: Tahoma; mso-armenian-font-family: Tahoma; mso-hebrew-font-family: Tahoma; mso-arabic-font-family: Tahoma; mso-thai-font-family: Tahoma; mso-currency-font-family: Tahoma; mso-latinext-font-family: Tahoma; color: black; mso-style-textfill-type: solid; mso-style-textfill-fill-color: black; mso-style-textfill-fill-alpha: 100%; language: fr-CM; mso-ansi-language: fr-CM; mso-bidi-language: ar-SA; mso-ligatures: none;\"><span style=\"mso-spacerun: yes;\">\u00a0<\/span><\/span><\/p><p style=\"mso-pagination: none;\"><span lang=\"fr\" style=\"language: fr; mso-ligatures: none;\">\u00a0<\/span><\/p><p><!-- [if !mso]>\n<style>\nv\\:* {behavior:url(#default#VML);}\no\\:* {behavior:url(#default#VML);}\nb\\:* {behavior:url(#default#VML);}\n.shape {behavior:url(#default#VML);}\n<\/style>\n<![endif]--><!-- [if pub]><xml>\n <b:Publication type=\"OplPub\" oty=\"68\" oh=\"256\">\n  <b:OhPrintBlock priv=\"30E\">281<\/b:OhPrintBlock>\n  <b:NuDefaultUnits priv=\"1004\">1<\/b:NuDefaultUnits>\n  <b:DptlPageDimensions type=\"OplPt\" priv=\"1211\">\n   <b:Xl priv=\"104\">7560000<\/b:Xl>\n   <b:Yl priv=\"204\">10692000<\/b:Yl>\n  <\/b:DptlPageDimensions>\n  <b:DxlDefaultTab priv=\"1504\">359410<\/b:DxlDefaultTab>\n  <b:OhGallery priv=\"180E\">259<\/b:OhGallery>\n  <b:OhFancyBorders priv=\"190E\">261<\/b:OhFancyBorders>\n  <b:OhCaptions priv=\"1A0E\">257<\/b:OhCaptions>\n  <b:OhQuillDoc priv=\"200E\">276<\/b:OhQuillDoc>\n  <b:OhMailMergeData priv=\"210E\">262<\/b:OhMailMergeData>\n  <b:OhColorScheme priv=\"220E\">279<\/b:OhColorScheme>\n  <b:DwNextUniqueOid priv=\"2304\">1<\/b:DwNextUniqueOid>\n  <b:IdentGUID priv=\"2A07\">0``````````````````````<\/b:IdentGUID>\n  <b:DpgSpecial priv=\"2C03\">5<\/b:DpgSpecial>\n  <b:FWorkpaneVisible priv=\"3900\">False<\/b:FWorkpaneVisible>\n  <b:CTimesEdited priv=\"3C04\">1<\/b:CTimesEdited>\n  <b:NuDefaultUnitsEx priv=\"4104\">1<\/b:NuDefaultUnitsEx>\n  <b:OhImpositionEngine priv=\"440E\">285<\/b:OhImpositionEngine>\n <\/b:Publication>\n <b:PrinterInfo type=\"OplPrb\" oty=\"75\" oh=\"281\">\n  <b:OhColorSepBlock priv=\"30E\">282<\/b:OhColorSepBlock>\n  <b:FKOBlackFills priv=\"A00\">True<\/b:FKOBlackFills>\n  <b:OpmOutsidePrintMode priv=\"B04\">1<\/b:OpmOutsidePrintMode>\n  <b:FInitComplete priv=\"1400\">False<\/b:FInitComplete>\n  <b:DpiX priv=\"2203\">0<\/b:DpiX>\n  <b:DpiY priv=\"2303\">0<\/b:DpiY>\n  <b:DxlOverlap priv=\"2404\">0<\/b:DxlOverlap>\n  <b:DylOverlap priv=\"2504\">0<\/b:DylOverlap>\n <\/b:PrinterInfo>\n <b:ColorSeperationInfo type=\"OplCsb\" oty=\"79\" oh=\"282\">\n  <b:Plates type=\"OplCsp\" priv=\"214\">\n   <b:OplCsp type=\"OplCsp\" priv=\"11\">\n    <b:EcpPlate type=\"OplEcp\" priv=\"213\">\n     <b:Color priv=\"104\">-1<\/b:Color>\n    <\/b:EcpPlate>\n   <\/b:OplCsp>\n  <\/b:Plates>\n  <b:DzlOverprintMost priv=\"304\">304800<\/b:DzlOverprintMost>\n  <b:CprOverprintMin priv=\"404\">243<\/b:CprOverprintMin>\n  <b:DzlTrap priv=\"C04\">3175<\/b:DzlTrap>\n  <b:DzlIndTrap priv=\"D04\">3175<\/b:DzlIndTrap>\n  <b:PctCenterline priv=\"E04\">70<\/b:PctCenterline>\n  <b:FMarksRegistration priv=\"F00\">True<\/b:FMarksRegistration>\n  <b:FMarksJob priv=\"1000\">True<\/b:FMarksJob>\n  <b:FMarksDensity priv=\"1100\">True<\/b:FMarksDensity>\n <\/b:ColorSeperationInfo>\n <b:TextDocProperties type=\"OplDocq\" oty=\"91\" oh=\"276\">\n  <b:OhPlcqsb priv=\"20E\">278<\/b:OhPlcqsb>\n  <b:EcpSplitMenu type=\"OplEcp\" priv=\"A13\">\n   <b:Color>134217728<\/b:Color>\n  <\/b:EcpSplitMenu>\n <\/b:TextDocProperties>\n <b:StoryBlock type=\"OplPlcQsb\" oty=\"101\" oh=\"278\">\n  <b:IqsbMax priv=\"104\">1<\/b:IqsbMax>\n  <b:Rgqsb type=\"OplQsb\" priv=\"214\">\n   <b:OplQsb type=\"OplQsb\" priv=\"11\">\n    <b:Qsid priv=\"104\">2<\/b:Qsid>\n    <b:TomfCopyfitBase priv=\"80B\">-9999996.000000<\/b:TomfCopyfitBase>\n    <b:TomfCopyfitBase2 priv=\"90B\">-9999996.000000<\/b:TomfCopyfitBase2>\n   <\/b:OplQsb>\n  <\/b:Rgqsb>\n <\/b:StoryBlock>\n <b:ColorScheme type=\"OplSccm\" oty=\"92\" oh=\"279\">\n  <b:Cecp priv=\"104\">8<\/b:Cecp>\n  <b:Rgecp type=\"OplEcp\" priv=\"214\">\n   <b:OplEcp priv=\"F\">Empty<\/b:OplEcp>\n   <b:OplEcp type=\"OplEcp\" priv=\"111\">\n    <b:Color>16711680<\/b:Color>\n   <\/b:OplEcp>\n   <b:OplEcp type=\"OplEcp\" priv=\"211\">\n    <b:Color>52479<\/b:Color>\n   <\/b:OplEcp>\n   <b:OplEcp type=\"OplEcp\" priv=\"311\">\n    <b:Color>26367<\/b:Color>\n   <\/b:OplEcp>\n   <b:OplEcp type=\"OplEcp\" priv=\"411\">\n    <b:Color>13421772<\/b:Color>\n   <\/b:OplEcp>\n   <b:OplEcp type=\"OplEcp\" priv=\"511\">\n    <b:Color>16737792<\/b:Color>\n   <\/b:OplEcp>\n   <b:OplEcp type=\"OplEcp\" priv=\"611\">\n    <b:Color>13382502<\/b:Color>\n   <\/b:OplEcp>\n   <b:OplEcp type=\"OplEcp\" priv=\"711\">\n    <b:Color>16777215<\/b:Color>\n   <\/b:OplEcp>\n  <\/b:Rgecp>\n  <b:SzSchemeName priv=\"618\">Rouge-gorge bleu<\/b:SzSchemeName>\n <\/b:ColorScheme>\n <![if pub11]>\n <![endif]>\n<\/xml><![endif]--><!-- [if pub]><xml>\n <b:Page type=\"OplPd\" oty=\"67\" oh=\"265\">\n  <b:PtlvOrigin type=\"OplPt\" priv=\"511\">\n   <b:Xl>22858575<\/b:Xl>\n   <b:Yl>22852950<\/b:Yl>\n  <\/b:PtlvOrigin>\n  <b:Oid priv=\"605\">(`@`````````<\/b:Oid>\n  <b:OhoplWebPageProps priv=\"90E\">266<\/b:OhoplWebPageProps>\n  <b:OhpdMaster priv=\"D0D\">263<\/b:OhpdMaster>\n  <b:PgtType priv=\"1004\">5<\/b:PgtType>\n  <b:PtlvOriginEx type=\"OplPt\" priv=\"1111\">\n   <b:Xl>110183775<\/b:Xl>\n   <b:Yl>110178150<\/b:Yl>\n  <\/b:PtlvOriginEx>\n <\/b:Page>\n<\/xml><![endif]--><!-- [if gte mso 9]><xml>\n <o:shapedefaults v:ext=\"edit\" spidmax=\"3075\" fillcolor=\"blue [1]\"\n  strokecolor=\"black [0]\">\n  <v:fill color=\"blue [1]\" color2=\"white [7]\"\/>\n  <v:stroke color=\"black [0]\" color2=\"white [7]\" weight=\"2pt\">\n   <o:left v:ext=\"view\" color=\"black [0]\" color2=\"white [7]\"\/>\n   <o:top v:ext=\"view\" color=\"black [0]\" color2=\"white [7]\"\/>\n   <o:right v:ext=\"view\" color=\"black [0]\" color2=\"white [7]\"\/>\n   <o:bottom v:ext=\"view\" color=\"black [0]\" color2=\"white [7]\"\/>\n   <o:column v:ext=\"view\" color=\"black [0]\" color2=\"white [7]\"\/>\n  <\/v:stroke>\n  <v:shadow color=\"black [0]\"\/>\n  <o:extrusion v:ext=\"view\" backdepth=\"0\" viewpoint=\"0,0\" viewpointorigin=\"0,0\"\/>\n  <v:textbox inset=\"2.88pt,2.88pt,2.88pt,2.88pt\"\/>\n  <o:colormenu v:ext=\"edit\" fillcolor=\"blue [1]\" strokecolor=\"black [0]\"\n   shadowcolor=\"#ccc [4]\"\/>\n <\/o:shapedefaults><o:shapelayout v:ext=\"edit\">\n  <o:idmap v:ext=\"edit\" data=\"1\"\/>\n <\/o:shapelayout><\/xml><![endif]--><\/p><p>\u00a0<\/p>\t\t\t\t\t\t<\/div>\n\t\t\t\t<\/div>\n\t\t\t\t\t<\/div>\n\t\t<\/div>\n\t\t\t\t\t\t\t<\/div>\n\t\t<\/section>\n\t\t\t\t\t<\/div>\n\t\t<\/div>\n\t\t\t\t\t\t\t<\/div>\n\t\t<\/section>\n\t\t\t\t\t\t\t<\/div>\n\t\t","protected":false},"excerpt":{"rendered":"<p>ACCOMPAGNEMENT D&rsquo;ADIZOR Nous accompagnons l&rsquo;association ADIZOR dans l&rsquo;identification, le montage des projets ainsi que la recherche des financements aupr\u00e8s des bailleurs de fonds. Nous appuyons \u00e9galement l&rsquo;association dans la mise en \u0153uvre de ses projets. EN SAVOIR PLUS NOTRE APPROCHE D\u2019INTERVENTION Pr\u00e9c\u00e9dent Suivant En tant que partenaire, nous avons accompagn\u00e9 de mani\u00e8re technique et scientifique [&hellip;]<\/p>\n","protected":false},"author":2,"featured_media":0,"parent":0,"menu_order":0,"comment_status":"closed","ping_status":"closed","template":"","meta":[],"_links":{"self":[{"href":"https:\/\/www.devsolutiongroup.net\/index.php\/wp-json\/wp\/v2\/pages\/8146"}],"collection":[{"href":"https:\/\/www.devsolutiongroup.net\/index.php\/wp-json\/wp\/v2\/pages"}],"about":[{"href":"https:\/\/www.devsolutiongroup.net\/index.php\/wp-json\/wp\/v2\/types\/page"}],"author":[{"embeddable":true,"href":"https:\/\/www.devsolutiongroup.net\/index.php\/wp-json\/wp\/v2\/users\/2"}],"replies":[{"embeddable":true,"href":"https:\/\/www.devsolutiongroup.net\/index.php\/wp-json\/wp\/v2\/comments?post=8146"}],"version-history":[{"count":19,"href":"https:\/\/www.devsolutiongroup.net\/index.php\/wp-json\/wp\/v2\/pages\/8146\/revisions"}],"predecessor-version":[{"id":8310,"href":"https:\/\/www.devsolutiongroup.net\/index.php\/wp-json\/wp\/v2\/pages\/8146\/revisions\/8310"}],"wp:attachment":[{"href":"https:\/\/www.devsolutiongroup.net\/index.php\/wp-json\/wp\/v2\/media?parent=8146"}],"curies":[{"name":"wp","href":"https:\/\/api.w.org\/{rel}","templated":true}]}}