{"id":8139,"date":"2021-09-03T06:27:18","date_gmt":"2021-09-03T04:27:18","guid":{"rendered":"http:\/\/www.devsolutiongroup.net\/?page_id=8139"},"modified":"2021-09-07T11:32:02","modified_gmt":"2021-09-07T09:32:02","slug":"elaboration-du-guide-de-vulgarisation-du-ppea","status":"publish","type":"page","link":"https:\/\/www.devsolutiongroup.net\/index.php\/elaboration-du-guide-de-vulgarisation-du-ppea\/","title":{"rendered":"ELABORATION DU GUIDE DE VULGARISATION DU PPEA"},"content":{"rendered":"\t\t<div data-elementor-type=\"wp-page\" data-elementor-id=\"8139\" class=\"elementor elementor-8139\">\n\t\t\t\t\t\t\t\t\t<section class=\"elementor-section elementor-top-section elementor-element elementor-element-51367daf elementor-section-height-min-height elementor-section-full_width elementor-section-height-default elementor-section-items-middle\" data-id=\"51367daf\" data-element_type=\"section\" data-settings=\"{&quot;background_background&quot;:&quot;classic&quot;}\">\n\t\t\t\t\t\t\t<div class=\"elementor-background-overlay\"><\/div>\n\t\t\t\t\t\t\t<div class=\"elementor-container elementor-column-gap-default\">\n\t\t\t\t\t<div class=\"elementor-column elementor-col-100 elementor-top-column elementor-element elementor-element-626bde2f\" data-id=\"626bde2f\" data-element_type=\"column\">\n\t\t\t<div class=\"elementor-widget-wrap elementor-element-populated\">\n\t\t\t\t\t\t\t\t<div class=\"elementor-element elementor-element-247ef072 elementor-invisible elementor-widget elementor-widget-heading\" data-id=\"247ef072\" data-element_type=\"widget\" data-settings=\"{&quot;_animation&quot;:&quot;fadeInDown&quot;}\" data-widget_type=\"heading.default\">\n\t\t\t\t<div class=\"elementor-widget-container\">\n\t\t\t<h1 class=\"elementor-heading-title elementor-size-small\">ELABORATION DU GUIDE DE VULGARISATION DU PPEA<\/h1>\t\t<\/div>\n\t\t\t\t<\/div>\n\t\t\t\t<div class=\"elementor-element elementor-element-2a442a85 elementor-invisible elementor-widget elementor-widget-text-editor\" data-id=\"2a442a85\" data-element_type=\"widget\" data-settings=\"{&quot;_animation&quot;:&quot;fadeIn&quot;}\" data-widget_type=\"text-editor.default\">\n\t\t\t\t<div class=\"elementor-widget-container\">\n\t\t\t\t\t\t\t<p>Nous avons accompagn\u00e9 le Projet de Promotion de l\u2019Entreprenariat Aquacole (PPEA) dans la conception d\u2019une d\u00e9marche d\u2019animation du projet, mais \u00e9galement dans la mise sur pied d\u2019un guide de vulgarisation du projet.<\/p>\t\t\t\t\t\t<\/div>\n\t\t\t\t<\/div>\n\t\t\t\t\t<\/div>\n\t\t<\/div>\n\t\t\t\t\t\t\t<\/div>\n\t\t<\/section>\n\t\t\t\t<section class=\"elementor-section elementor-top-section elementor-element elementor-element-763a36b8 elementor-section-full_width elementor-section-height-default elementor-section-height-default\" data-id=\"763a36b8\" data-element_type=\"section\" data-settings=\"{&quot;background_background&quot;:&quot;classic&quot;}\">\n\t\t\t\t\t\t<div class=\"elementor-container elementor-column-gap-default\">\n\t\t\t\t\t<div class=\"elementor-column elementor-col-100 elementor-top-column elementor-element elementor-element-60269f2f\" data-id=\"60269f2f\" data-element_type=\"column\">\n\t\t\t<div class=\"elementor-widget-wrap elementor-element-populated\">\n\t\t\t\t\t\t\t\t<section class=\"elementor-section elementor-inner-section elementor-element elementor-element-28b18f57 elementor-reverse-mobile elementor-section-boxed elementor-section-height-default elementor-section-height-default\" data-id=\"28b18f57\" data-element_type=\"section\">\n\t\t\t\t\t\t<div class=\"elementor-container elementor-column-gap-default\">\n\t\t\t\t\t<div class=\"elementor-column elementor-col-33 elementor-inner-column elementor-element elementor-element-2da16a8f\" data-id=\"2da16a8f\" data-element_type=\"column\">\n\t\t\t<div class=\"elementor-widget-wrap elementor-element-populated\">\n\t\t\t\t\t\t\t\t<div class=\"elementor-element elementor-element-2addd938 elementor-align-left elementor-icon-list--layout-traditional elementor-list-item-link-full_width elementor-widget elementor-widget-icon-list\" data-id=\"2addd938\" data-element_type=\"widget\" data-widget_type=\"icon-list.default\">\n\t\t\t\t<div class=\"elementor-widget-container\">\n\t\t\t\t\t<ul class=\"elementor-icon-list-items\">\n\t\t\t\t\t\t\t<li class=\"elementor-icon-list-item\">\n\t\t\t\t\t\t\t\t\t\t\t<a href=\"https:\/\/www.devsolutiongroup.net\/index.php\/formation-des-cadres-du-minader\/\">\n\n\t\t\t\t\t\t\t\t\t\t\t\t<span class=\"elementor-icon-list-icon\">\n\t\t\t\t\t\t\t<i aria-hidden=\"true\" class=\"far fa-folder-open\"><\/i>\t\t\t\t\t\t<\/span>\n\t\t\t\t\t\t\t\t\t\t<span class=\"elementor-icon-list-text\">FORMATION DES CADRES DU MINADER<\/span>\n\t\t\t\t\t\t\t\t\t\t\t<\/a>\n\t\t\t\t\t\t\t\t\t<\/li>\n\t\t\t\t\t\t\t\t<li class=\"elementor-icon-list-item\">\n\t\t\t\t\t\t\t\t\t\t\t<a href=\"https:\/\/www.devsolutiongroup.net\/index.php\/formation-appui-des-ingenieurs-du-minepia\/\">\n\n\t\t\t\t\t\t\t\t\t\t\t\t<span class=\"elementor-icon-list-icon\">\n\t\t\t\t\t\t\t<i aria-hidden=\"true\" class=\"far fa-folder-open\"><\/i>\t\t\t\t\t\t<\/span>\n\t\t\t\t\t\t\t\t\t\t<span class=\"elementor-icon-list-text\">FORMATION-APPUI DES INGENIEURS DU MINEPIA<\/span>\n\t\t\t\t\t\t\t\t\t\t\t<\/a>\n\t\t\t\t\t\t\t\t\t<\/li>\n\t\t\t\t\t\t\t\t<li class=\"elementor-icon-list-item\">\n\t\t\t\t\t\t\t\t\t\t\t<a href=\"https:\/\/www.devsolutiongroup.net\/index.php\/evaluation-du-projet-prm-de-lwf\/\">\n\n\t\t\t\t\t\t\t\t\t\t\t\t<span class=\"elementor-icon-list-icon\">\n\t\t\t\t\t\t\t<i aria-hidden=\"true\" class=\"far fa-folder-open\"><\/i>\t\t\t\t\t\t<\/span>\n\t\t\t\t\t\t\t\t\t\t<span class=\"elementor-icon-list-text\">EVALUATION DU PROJET PRM DE LWF<\/span>\n\t\t\t\t\t\t\t\t\t\t\t<\/a>\n\t\t\t\t\t\t\t\t\t<\/li>\n\t\t\t\t\t\t\t\t<li class=\"elementor-icon-list-item\">\n\t\t\t\t\t\t\t\t\t\t\t<a href=\"https:\/\/www.devsolutiongroup.net\/index.php\/elaboration-du-guide-de-vulgarisation-du-ppea\/\">\n\n\t\t\t\t\t\t\t\t\t\t\t\t<span class=\"elementor-icon-list-icon\">\n\t\t\t\t\t\t\t<i aria-hidden=\"true\" class=\"fas fa-angle-right\"><\/i>\t\t\t\t\t\t<\/span>\n\t\t\t\t\t\t\t\t\t\t<span class=\"elementor-icon-list-text\">ELABORATION DU GUIDE DE VULGARISATION DU PPEA<\/span>\n\t\t\t\t\t\t\t\t\t\t\t<\/a>\n\t\t\t\t\t\t\t\t\t<\/li>\n\t\t\t\t\t\t\t\t<li class=\"elementor-icon-list-item\">\n\t\t\t\t\t\t\t\t\t\t\t<a href=\"https:\/\/www.devsolutiongroup.net\/index.php\/participation-au-enquetes-socioeconomiques-par-eies\/\">\n\n\t\t\t\t\t\t\t\t\t\t\t\t<span class=\"elementor-icon-list-icon\">\n\t\t\t\t\t\t\t<i aria-hidden=\"true\" class=\"far fa-folder-open\"><\/i>\t\t\t\t\t\t<\/span>\n\t\t\t\t\t\t\t\t\t\t<span class=\"elementor-icon-list-text\">PARTICIPATION AUX ENQU\u00caTES SOCIO\u00c9CONOMIQUES PAR EIES<\/span>\n\t\t\t\t\t\t\t\t\t\t\t<\/a>\n\t\t\t\t\t\t\t\t\t<\/li>\n\t\t\t\t\t\t\t\t<li class=\"elementor-icon-list-item\">\n\t\t\t\t\t\t\t\t\t\t\t<a href=\"https:\/\/www.devsolutiongroup.net\/index.php\/acompagnement-dadizor\/\">\n\n\t\t\t\t\t\t\t\t\t\t\t\t<span class=\"elementor-icon-list-icon\">\n\t\t\t\t\t\t\t<i aria-hidden=\"true\" class=\"far fa-folder-open\"><\/i>\t\t\t\t\t\t<\/span>\n\t\t\t\t\t\t\t\t\t\t<span class=\"elementor-icon-list-text\">ACOMPAGNEMENT D\u2019ADIZOR<\/span>\n\t\t\t\t\t\t\t\t\t\t\t<\/a>\n\t\t\t\t\t\t\t\t\t<\/li>\n\t\t\t\t\t\t<\/ul>\n\t\t\t\t<\/div>\n\t\t\t\t<\/div>\n\t\t\t\t<div class=\"elementor-element elementor-element-e28343 elementor-widget elementor-widget-heading\" data-id=\"e28343\" data-element_type=\"widget\" data-widget_type=\"heading.default\">\n\t\t\t\t<div class=\"elementor-widget-container\">\n\t\t\t<h3 class=\"elementor-heading-title elementor-size-small\">AVIS DES BENEFICIAIRES ET DU CLIENT<\/h3>\t\t<\/div>\n\t\t\t\t<\/div>\n\t\t\t\t<div class=\"elementor-element elementor-element-23ed849a elementor-widget-divider--view-line elementor-widget elementor-widget-divider\" data-id=\"23ed849a\" data-element_type=\"widget\" data-widget_type=\"divider.default\">\n\t\t\t\t<div class=\"elementor-widget-container\">\n\t\t\t\t\t<div class=\"elementor-divider\">\n\t\t\t<span class=\"elementor-divider-separator\">\n\t\t\t\t\t\t<\/span>\n\t\t<\/div>\n\t\t\t\t<\/div>\n\t\t\t\t<\/div>\n\t\t\t\t<div class=\"elementor-element elementor-element-6b094563 elementor-widget elementor-widget-testimonial\" data-id=\"6b094563\" data-element_type=\"widget\" data-widget_type=\"testimonial.default\">\n\t\t\t\t<div class=\"elementor-widget-container\">\n\t\t\t\t\t<div class=\"elementor-testimonial-wrapper\">\n\t\t\t\t\t\t\t<div class=\"elementor-testimonial-content\">\"Ce guide est d'une tr\u00e8s grande importance pour nos activit\u00e9s de vulgarisation sur le terrain. Il nous facilitera l'accompagnement des b\u00e9n\u00e9ficiaires du projet. \"<\/div>\n\t\t\t\n\t\t\t\t\t\t<div class=\"elementor-testimonial-meta elementor-has-image elementor-testimonial-image-position-aside\">\n\t\t\t\t<div class=\"elementor-testimonial-meta-inner\">\n\t\t\t\t\t\t\t\t\t\t\t<div class=\"elementor-testimonial-image\">\n\t\t\t\t\t\t\t<img decoding=\"async\" width=\"602\" height=\"478\" src=\"https:\/\/www.devsolutiongroup.net\/wp-content\/uploads\/2021\/09\/20170623_171057.jpg\" class=\"attachment-full size-full wp-image-8395\" alt=\"\" loading=\"lazy\" srcset=\"https:\/\/www.devsolutiongroup.net\/wp-content\/uploads\/2021\/09\/20170623_171057.jpg 602w, https:\/\/www.devsolutiongroup.net\/wp-content\/uploads\/2021\/09\/20170623_171057-300x238.jpg 300w\" sizes=\"(max-width: 602px) 100vw, 602px\" \/>\t\t\t\t\t\t<\/div>\n\t\t\t\t\t\n\t\t\t\t\t\t\t\t\t\t<div class=\"elementor-testimonial-details\">\n\t\t\t\t\t\t\t\t\t\t\t\t\t\t<div class=\"elementor-testimonial-name\">NKOUE MBAH Alain<\/div>\n\t\t\t\t\t\t\t\t\t\t\t\t\t\t\t\t\t\t\t\t\t\t<div class=\"elementor-testimonial-job\">Agent vulgarisateur du projet<\/div>\n\t\t\t\t\t\t\t\t\t\t\t\t\t<\/div>\n\t\t\t\t\t\t\t\t\t<\/div>\n\t\t\t<\/div>\n\t\t\t\t\t<\/div>\n\t\t\t\t<\/div>\n\t\t\t\t<\/div>\n\t\t\t\t<div class=\"elementor-element elementor-element-429a0eb elementor-widget elementor-widget-testimonial\" data-id=\"429a0eb\" data-element_type=\"widget\" data-widget_type=\"testimonial.default\">\n\t\t\t\t<div class=\"elementor-widget-container\">\n\t\t\t\t\t<div class=\"elementor-testimonial-wrapper\">\n\t\t\t\t\t\t\t<div class=\"elementor-testimonial-content\">\"Le Bureau DEV SOLUTION a r\u00e9alis\u00e9 cette prestation avec beaucoup de professionnalisme et selon les sp\u00e9cifications contractuelles \"<\/div>\n\t\t\t\n\t\t\t\t\t\t<div class=\"elementor-testimonial-meta elementor-has-image elementor-testimonial-image-position-aside\">\n\t\t\t\t<div class=\"elementor-testimonial-meta-inner\">\n\t\t\t\t\t\t\t\t\t\t\t<div class=\"elementor-testimonial-image\">\n\t\t\t\t\t\t\t<img decoding=\"async\" width=\"225\" height=\"225\" src=\"https:\/\/www.devsolutiongroup.net\/wp-content\/uploads\/2021\/09\/index.jpg\" class=\"attachment-full size-full wp-image-8202\" alt=\"\" loading=\"lazy\" srcset=\"https:\/\/www.devsolutiongroup.net\/wp-content\/uploads\/2021\/09\/index.jpg 225w, https:\/\/www.devsolutiongroup.net\/wp-content\/uploads\/2021\/09\/index-150x150.jpg 150w\" sizes=\"(max-width: 225px) 100vw, 225px\" \/>\t\t\t\t\t\t<\/div>\n\t\t\t\t\t\n\t\t\t\t\t\t\t\t\t\t<div class=\"elementor-testimonial-details\">\n\t\t\t\t\t\t\t\t\t\t\t\t\t\t<div class=\"elementor-testimonial-name\">PPEA<\/div>\n\t\t\t\t\t\t\t\t\t\t\t\t\t\t\t\t\t\t\t\t\t\t<div class=\"elementor-testimonial-job\">Coordonnateur National<\/div>\n\t\t\t\t\t\t\t\t\t\t\t\t\t<\/div>\n\t\t\t\t\t\t\t\t\t<\/div>\n\t\t\t<\/div>\n\t\t\t\t\t<\/div>\n\t\t\t\t<\/div>\n\t\t\t\t<\/div>\n\t\t\t\t<div class=\"elementor-element elementor-element-37ee733 elementor-align-justify elementor-invisible elementor-widget elementor-widget-button\" data-id=\"37ee733\" data-element_type=\"widget\" data-settings=\"{&quot;_animation&quot;:&quot;fadeInUp&quot;}\" data-widget_type=\"button.default\">\n\t\t\t\t<div class=\"elementor-widget-container\">\n\t\t\t\t\t<div class=\"elementor-button-wrapper\">\n\t\t\t<a class=\"elementor-button elementor-button-link elementor-size-sm\" href=\"https:\/\/www.devsolutiongroup.net\/index.php\/contact\/\">\n\t\t\t\t\t\t<span class=\"elementor-button-content-wrapper\">\n\t\t\t\t\t\t<span class=\"elementor-button-icon elementor-align-icon-right\">\n\t\t\t\t<i aria-hidden=\"true\" class=\"far fa-comment-dots\"><\/i>\t\t\t<\/span>\n\t\t\t\t\t\t<span class=\"elementor-button-text\">EN SAVOIR PLUS<\/span>\n\t\t<\/span>\n\t\t\t\t\t<\/a>\n\t\t<\/div>\n\t\t\t\t<\/div>\n\t\t\t\t<\/div>\n\t\t\t\t<div class=\"elementor-element elementor-element-7b0bfe92 elementor-widget elementor-widget-spacer\" data-id=\"7b0bfe92\" data-element_type=\"widget\" data-widget_type=\"spacer.default\">\n\t\t\t\t<div class=\"elementor-widget-container\">\n\t\t\t\t\t<div class=\"elementor-spacer\">\n\t\t\t<div class=\"elementor-spacer-inner\"><\/div>\n\t\t<\/div>\n\t\t\t\t<\/div>\n\t\t\t\t<\/div>\n\t\t\t\t\t<\/div>\n\t\t<\/div>\n\t\t\t\t<div class=\"elementor-column elementor-col-66 elementor-inner-column elementor-element elementor-element-6436bc6d\" data-id=\"6436bc6d\" data-element_type=\"column\">\n\t\t\t<div class=\"elementor-widget-wrap elementor-element-populated\">\n\t\t\t\t\t\t\t\t<div class=\"elementor-element elementor-element-74db43ae elementor-arrows-position-inside elementor-pagination-position-outside elementor-widget elementor-widget-image-carousel\" data-id=\"74db43ae\" data-element_type=\"widget\" data-settings=\"{&quot;slides_to_show&quot;:&quot;3&quot;,&quot;navigation&quot;:&quot;both&quot;,&quot;autoplay&quot;:&quot;yes&quot;,&quot;pause_on_hover&quot;:&quot;yes&quot;,&quot;pause_on_interaction&quot;:&quot;yes&quot;,&quot;autoplay_speed&quot;:5000,&quot;infinite&quot;:&quot;yes&quot;,&quot;speed&quot;:500}\" data-widget_type=\"image-carousel.default\">\n\t\t\t\t<div class=\"elementor-widget-container\">\n\t\t\t\t\t<div class=\"elementor-image-carousel-wrapper swiper-container\" dir=\"ltr\">\n\t\t\t<div class=\"elementor-image-carousel swiper-wrapper\" aria-live=\"off\">\n\t\t\t\t\t\t\t\t<div class=\"swiper-slide\" role=\"group\" aria-roledescription=\"slide\" aria-label=\"1 sur 4\"><figure class=\"swiper-slide-inner\"><img decoding=\"async\" class=\"swiper-slide-image\" src=\"https:\/\/www.devsolutiongroup.net\/wp-content\/uploads\/elementor\/thumbs\/image-seminaire-scaled-p1vn1q3rpztxnvswhu3z1ulljp0vfsyzyvi478q0o0.jpg\" alt=\"image seminaire\" \/><\/figure><\/div><div class=\"swiper-slide\" role=\"group\" aria-roledescription=\"slide\" aria-label=\"2 sur 4\"><figure class=\"swiper-slide-inner\"><img decoding=\"async\" class=\"swiper-slide-image\" src=\"https:\/\/www.devsolutiongroup.net\/wp-content\/uploads\/elementor\/thumbs\/IMG_1513-scaled-p22sbalhac7z68uufp81h83y0lxf8lrczdx2y6i28w.jpg\" alt=\"IMG_1513\" \/><\/figure><\/div><div class=\"swiper-slide\" role=\"group\" aria-roledescription=\"slide\" aria-label=\"3 sur 4\"><figure class=\"swiper-slide-inner\"><img decoding=\"async\" class=\"swiper-slide-image\" src=\"https:\/\/www.devsolutiongroup.net\/wp-content\/uploads\/elementor\/thumbs\/IMG_1603-Copie-scaled-pcmxvbvkf61qhbm72cu464u6y4qrx9clj5kg18wgyo.jpg\" alt=\"IMG_1603 - Copie\" \/><\/figure><\/div><div class=\"swiper-slide\" role=\"group\" aria-roledescription=\"slide\" aria-label=\"4 sur 4\"><figure class=\"swiper-slide-inner\"><img decoding=\"async\" class=\"swiper-slide-image\" src=\"https:\/\/www.devsolutiongroup.net\/wp-content\/uploads\/elementor\/thumbs\/IMG_1607-scaled-p22t0sxsrh5499swh86jnadae2714w145nagtiofds.jpg\" alt=\"ACCOMPAGNEMENT DU PPEA DANS L\u2019ELABORATION DE SA DEMARCHE D\u2019ANIMATION ET LA CONCEPTION DU GUIDE DE VULGARISATION DU PROJET\" \/><\/figure><\/div>\t\t\t<\/div>\n\t\t\t\t\t\t\t\t\t\t\t\t<div class=\"elementor-swiper-button elementor-swiper-button-prev\" role=\"button\" tabindex=\"0\">\n\t\t\t\t\t\t<i aria-hidden=\"true\" class=\"eicon-chevron-left\"><\/i>\t\t\t\t\t<\/div>\n\t\t\t\t\t<div class=\"elementor-swiper-button elementor-swiper-button-next\" role=\"button\" tabindex=\"0\">\n\t\t\t\t\t\t<i aria-hidden=\"true\" class=\"eicon-chevron-right\"><\/i>\t\t\t\t\t<\/div>\n\t\t\t\t\n\t\t\t\t\t\t\t\t\t<div class=\"swiper-pagination\"><\/div>\n\t\t\t\t\t\t\t\t\t<\/div>\n\t\t\t\t<\/div>\n\t\t\t\t<\/div>\n\t\t\t\t<div class=\"elementor-element elementor-element-1499c4f9 elementor-widget elementor-widget-heading\" data-id=\"1499c4f9\" data-element_type=\"widget\" data-widget_type=\"heading.default\">\n\t\t\t\t<div class=\"elementor-widget-container\">\n\t\t\t<h2 class=\"elementor-heading-title elementor-size-default\">NOTRE APPROCHE D\u2019INTERVENTION<\/h2>\t\t<\/div>\n\t\t\t\t<\/div>\n\t\t\t\t<div class=\"elementor-element elementor-element-75dc9f24 elementor-widget-divider--view-line elementor-widget elementor-widget-divider\" data-id=\"75dc9f24\" data-element_type=\"widget\" data-widget_type=\"divider.default\">\n\t\t\t\t<div class=\"elementor-widget-container\">\n\t\t\t\t\t<div class=\"elementor-divider\">\n\t\t\t<span class=\"elementor-divider-separator\">\n\t\t\t\t\t\t<\/span>\n\t\t<\/div>\n\t\t\t\t<\/div>\n\t\t\t\t<\/div>\n\t\t\t\t<div class=\"elementor-element elementor-element-479d2df9 elementor-widget elementor-widget-text-editor\" data-id=\"479d2df9\" data-element_type=\"widget\" data-widget_type=\"text-editor.default\">\n\t\t\t\t<div class=\"elementor-widget-container\">\n\t\t\t\t\t\t\t<p>Notre d\u00e9marche dans le cadre de cette prestation s\u2019est appuy\u00e9e sur les acquis du projet, les donn\u00e9es sur les acteurs et parties prenantes, ainsi que notre forte expertise et les bonnes pratiques en la mati\u00e8re. La conception de la d\u00e9marche d\u2019animation a d\u00e9bouch\u00e9 sur l\u2019\u00e9laboration du guide de vulgarisation du projet. Par la suite, un atelier a permis de former les acteurs de mise en \u0153uvre du projet sur l\u2019utilisation du guide.<\/p>\t\t\t\t\t\t<\/div>\n\t\t\t\t<\/div>\n\t\t\t\t<div class=\"elementor-element elementor-element-11aa3a6c elementor-widget elementor-widget-heading\" data-id=\"11aa3a6c\" data-element_type=\"widget\" data-widget_type=\"heading.default\">\n\t\t\t\t<div class=\"elementor-widget-container\">\n\t\t\t<h2 class=\"elementor-heading-title elementor-size-default\">LE CLIENT ET LA DEMANDE EN QUELQUES MOTS<\/h2>\t\t<\/div>\n\t\t\t\t<\/div>\n\t\t\t\t<div class=\"elementor-element elementor-element-574fb143 elementor-widget-divider--view-line elementor-widget elementor-widget-divider\" data-id=\"574fb143\" data-element_type=\"widget\" data-widget_type=\"divider.default\">\n\t\t\t\t<div class=\"elementor-widget-container\">\n\t\t\t\t\t<div class=\"elementor-divider\">\n\t\t\t<span class=\"elementor-divider-separator\">\n\t\t\t\t\t\t<\/span>\n\t\t<\/div>\n\t\t\t\t<\/div>\n\t\t\t\t<\/div>\n\t\t\t\t<div class=\"elementor-element elementor-element-36d4ab85 elementor-widget elementor-widget-text-editor\" data-id=\"36d4ab85\" data-element_type=\"widget\" data-widget_type=\"text-editor.default\">\n\t\t\t\t<div class=\"elementor-widget-container\">\n\t\t\t\t\t\t\t<p>Le Gouvernement de la R\u00e9publique du Cameroun, \u00e0 travers le Minist\u00e8re de l\u2019\u00e9levage, des p\u00eaches et des industries animales (MINEPIA) a sign\u00e9 le 29 Janvier 2016, \u00e0 Rome, un accord de financement du Fond International pour le D\u00e9veloppement Agricole (FIDA), pour la mise en \u0153uvre de la phase pilote du Projet de Promotion de l\u2019Entreprenariat Aquacole (PPEA) dans les r\u00e9gions du Centre, du Sud et du Littoral. L&rsquo;objectif global de ce projet est de contribuer \u00e0 l&rsquo;am\u00e9lioration durable des conditions de vie et des revenus des aquaculteurs du Cameroun \u00e0 travers la promotion des entreprises aquacoles \u00e9conomiquement rentables et cr\u00e9atrices d&#8217;emplois. De mani\u00e8re sp\u00e9cifique, le projet vise \u00e0 (i) Am\u00e9liorer l&rsquo;acc\u00e8s des aquaculteurs \u00e0 des services de formation et d&rsquo;appui accompagnement ; (ii) Mettre en place un cadre strat\u00e9gique et organisationnel favorable au d\u00e9veloppement de l&rsquo;aquaculture.<\/p><p>Afin d\u2019am\u00e9liorer le dispositif d\u2019appui-accompagnement du projet, le PPEA a confi\u00e9 au Bureau DEV SOLUTION la mission d\u2019\u00e9laboration d\u2019une d\u00e9marche d\u2019animation\/vulgarisation et d\u2019un guide du vulgarisateur du Projet.<\/p><p>Il s\u2019agissait pour le Bureau de recherche et d\u2019Expertise de\u00a0:<\/p><ul><li>\u00c9laborer une d\u00e9marche d\u2019animation\/vulgarisation adapt\u00e9e au contexte sp\u00e9cifique du PPEA avec un message uniforme privil\u00e9giant la notion d\u2019entreprenariat\u00a0;<\/li><li>Produire un guide du vulgarisateur\u00a0;<\/li><li>Former les agents vulgarisateurs \u00e0 l\u2019utilisation du guide.<\/li><\/ul>\t\t\t\t\t\t<\/div>\n\t\t\t\t<\/div>\n\t\t\t\t\t<\/div>\n\t\t<\/div>\n\t\t\t\t\t\t\t<\/div>\n\t\t<\/section>\n\t\t\t\t\t<\/div>\n\t\t<\/div>\n\t\t\t\t\t\t\t<\/div>\n\t\t<\/section>\n\t\t\t\t\t\t\t<\/div>\n\t\t","protected":false},"excerpt":{"rendered":"<p>ELABORATION DU GUIDE DE VULGARISATION DU PPEA Nous avons accompagn\u00e9 le Projet de Promotion de l\u2019Entreprenariat Aquacole (PPEA) dans la conception d\u2019une d\u00e9marche d\u2019animation du projet, mais \u00e9galement dans la mise sur pied d\u2019un guide de vulgarisation du projet. FORMATION DES CADRES DU MINADER FORMATION-APPUI DES INGENIEURS DU MINEPIA EVALUATION DU PROJET PRM DE LWF [&hellip;]<\/p>\n","protected":false},"author":2,"featured_media":0,"parent":0,"menu_order":0,"comment_status":"closed","ping_status":"closed","template":"","meta":[],"_links":{"self":[{"href":"https:\/\/www.devsolutiongroup.net\/index.php\/wp-json\/wp\/v2\/pages\/8139"}],"collection":[{"href":"https:\/\/www.devsolutiongroup.net\/index.php\/wp-json\/wp\/v2\/pages"}],"about":[{"href":"https:\/\/www.devsolutiongroup.net\/index.php\/wp-json\/wp\/v2\/types\/page"}],"author":[{"embeddable":true,"href":"https:\/\/www.devsolutiongroup.net\/index.php\/wp-json\/wp\/v2\/users\/2"}],"replies":[{"embeddable":true,"href":"https:\/\/www.devsolutiongroup.net\/index.php\/wp-json\/wp\/v2\/comments?post=8139"}],"version-history":[{"count":22,"href":"https:\/\/www.devsolutiongroup.net\/index.php\/wp-json\/wp\/v2\/pages\/8139\/revisions"}],"predecessor-version":[{"id":8402,"href":"https:\/\/www.devsolutiongroup.net\/index.php\/wp-json\/wp\/v2\/pages\/8139\/revisions\/8402"}],"wp:attachment":[{"href":"https:\/\/www.devsolutiongroup.net\/index.php\/wp-json\/wp\/v2\/media?parent=8139"}],"curies":[{"name":"wp","href":"https:\/\/api.w.org\/{rel}","templated":true}]}}