{"id":8104,"date":"2021-09-03T00:18:44","date_gmt":"2021-09-02T22:18:44","guid":{"rendered":"http:\/\/www.devsolutiongroup.net\/?page_id=8104"},"modified":"2021-09-07T10:32:30","modified_gmt":"2021-09-07T08:32:30","slug":"formation-des-cadres-du-minader","status":"publish","type":"page","link":"https:\/\/www.devsolutiongroup.net\/index.php\/formation-des-cadres-du-minader\/","title":{"rendered":"FORMATION DES CADRES DU MINADER"},"content":{"rendered":"\t\t<div data-elementor-type=\"wp-page\" data-elementor-id=\"8104\" class=\"elementor elementor-8104\">\n\t\t\t\t\t\t\t\t\t<section class=\"elementor-section elementor-top-section elementor-element elementor-element-552616fc elementor-section-height-min-height elementor-section-full_width elementor-section-height-default elementor-section-items-middle\" data-id=\"552616fc\" data-element_type=\"section\" data-settings=\"{&quot;background_background&quot;:&quot;classic&quot;}\">\n\t\t\t\t\t\t\t<div class=\"elementor-background-overlay\"><\/div>\n\t\t\t\t\t\t\t<div class=\"elementor-container elementor-column-gap-default\">\n\t\t\t\t\t<div class=\"elementor-column elementor-col-100 elementor-top-column elementor-element elementor-element-7636cb40\" data-id=\"7636cb40\" data-element_type=\"column\">\n\t\t\t<div class=\"elementor-widget-wrap elementor-element-populated\">\n\t\t\t\t\t\t\t\t<div class=\"elementor-element elementor-element-6431439a elementor-invisible elementor-widget elementor-widget-heading\" data-id=\"6431439a\" data-element_type=\"widget\" data-settings=\"{&quot;_animation&quot;:&quot;fadeInDown&quot;}\" data-widget_type=\"heading.default\">\n\t\t\t\t<div class=\"elementor-widget-container\">\n\t\t\t<h1 class=\"elementor-heading-title elementor-size-medium\">FORMATION DES CADRES DU MINISTERE DE L'AGRICULTURE  (MINADER)<\/h1>\t\t<\/div>\n\t\t\t\t<\/div>\n\t\t\t\t<div class=\"elementor-element elementor-element-69d6468 elementor-invisible elementor-widget elementor-widget-text-editor\" data-id=\"69d6468\" data-element_type=\"widget\" data-settings=\"{&quot;_animation&quot;:&quot;fadeIn&quot;}\" data-widget_type=\"text-editor.default\">\n\t\t\t\t<div class=\"elementor-widget-container\">\n\t\t\t\t\t\t\t<p>Nous avons form\u00e9 et appuy\u00e9 les femmes cadres du Minist\u00e8re de l\u2019Agriculture et du D\u00e9veloppement Rural (MINADER) sur les Syst\u00e8mes d\u2019Information G\u00e9ographique (SIG) et en cartographie.<\/p>\t\t\t\t\t\t<\/div>\n\t\t\t\t<\/div>\n\t\t\t\t\t<\/div>\n\t\t<\/div>\n\t\t\t\t\t\t\t<\/div>\n\t\t<\/section>\n\t\t\t\t<section class=\"elementor-section elementor-top-section elementor-element elementor-element-719122e8 elementor-section-full_width elementor-section-height-default elementor-section-height-default\" data-id=\"719122e8\" data-element_type=\"section\" data-settings=\"{&quot;background_background&quot;:&quot;classic&quot;}\">\n\t\t\t\t\t\t<div class=\"elementor-container elementor-column-gap-default\">\n\t\t\t\t\t<div class=\"elementor-column elementor-col-100 elementor-top-column elementor-element elementor-element-79f74a64\" data-id=\"79f74a64\" data-element_type=\"column\">\n\t\t\t<div class=\"elementor-widget-wrap elementor-element-populated\">\n\t\t\t\t\t\t\t\t<section class=\"elementor-section elementor-inner-section elementor-element elementor-element-14a308d7 elementor-reverse-mobile elementor-section-boxed elementor-section-height-default elementor-section-height-default\" data-id=\"14a308d7\" data-element_type=\"section\">\n\t\t\t\t\t\t<div class=\"elementor-container elementor-column-gap-default\">\n\t\t\t\t\t<div class=\"elementor-column elementor-col-33 elementor-inner-column elementor-element elementor-element-234afd0a\" data-id=\"234afd0a\" data-element_type=\"column\">\n\t\t\t<div class=\"elementor-widget-wrap elementor-element-populated\">\n\t\t\t\t\t\t\t\t<div class=\"elementor-element elementor-element-529bde8a elementor-align-left elementor-icon-list--layout-traditional elementor-list-item-link-full_width elementor-widget elementor-widget-icon-list\" data-id=\"529bde8a\" data-element_type=\"widget\" data-widget_type=\"icon-list.default\">\n\t\t\t\t<div class=\"elementor-widget-container\">\n\t\t\t\t\t<ul class=\"elementor-icon-list-items\">\n\t\t\t\t\t\t\t<li class=\"elementor-icon-list-item\">\n\t\t\t\t\t\t\t\t\t\t\t<a href=\"https:\/\/www.devsolutiongroup.net\/index.php\/formation-des-cadres-du-minader\/\">\n\n\t\t\t\t\t\t\t\t\t\t\t\t<span class=\"elementor-icon-list-icon\">\n\t\t\t\t\t\t\t<i aria-hidden=\"true\" class=\"fas fa-angle-right\"><\/i>\t\t\t\t\t\t<\/span>\n\t\t\t\t\t\t\t\t\t\t<span class=\"elementor-icon-list-text\">FORMATION DES CADRES DU MINADER<\/span>\n\t\t\t\t\t\t\t\t\t\t\t<\/a>\n\t\t\t\t\t\t\t\t\t<\/li>\n\t\t\t\t\t\t\t\t<li class=\"elementor-icon-list-item\">\n\t\t\t\t\t\t\t\t\t\t\t<a href=\"https:\/\/www.devsolutiongroup.net\/index.php\/formation-appui-des-ingenieurs-du-minepia\/\">\n\n\t\t\t\t\t\t\t\t\t\t\t\t<span class=\"elementor-icon-list-icon\">\n\t\t\t\t\t\t\t<i aria-hidden=\"true\" class=\"far fa-folder-open\"><\/i>\t\t\t\t\t\t<\/span>\n\t\t\t\t\t\t\t\t\t\t<span class=\"elementor-icon-list-text\">FORMATION-APPUI DES INGENIEURS DU MINEPIA<\/span>\n\t\t\t\t\t\t\t\t\t\t\t<\/a>\n\t\t\t\t\t\t\t\t\t<\/li>\n\t\t\t\t\t\t\t\t<li class=\"elementor-icon-list-item\">\n\t\t\t\t\t\t\t\t\t\t\t<a href=\"https:\/\/www.devsolutiongroup.net\/index.php\/evaluation-du-projet-prm-de-lwf\/\">\n\n\t\t\t\t\t\t\t\t\t\t\t\t<span class=\"elementor-icon-list-icon\">\n\t\t\t\t\t\t\t<i aria-hidden=\"true\" class=\"far fa-folder-open\"><\/i>\t\t\t\t\t\t<\/span>\n\t\t\t\t\t\t\t\t\t\t<span class=\"elementor-icon-list-text\">EVALUATION DU PROJET PRM DE LWF<\/span>\n\t\t\t\t\t\t\t\t\t\t\t<\/a>\n\t\t\t\t\t\t\t\t\t<\/li>\n\t\t\t\t\t\t\t\t<li class=\"elementor-icon-list-item\">\n\t\t\t\t\t\t\t\t\t\t\t<a href=\"https:\/\/www.devsolutiongroup.net\/index.php\/elaboration-du-guide-de-vulgarisation-du-ppea\/\">\n\n\t\t\t\t\t\t\t\t\t\t\t\t<span class=\"elementor-icon-list-icon\">\n\t\t\t\t\t\t\t<i aria-hidden=\"true\" class=\"far fa-folder-open\"><\/i>\t\t\t\t\t\t<\/span>\n\t\t\t\t\t\t\t\t\t\t<span class=\"elementor-icon-list-text\">ELABORATION DU GUIDE DE VULGARISATION DU PPEA<\/span>\n\t\t\t\t\t\t\t\t\t\t\t<\/a>\n\t\t\t\t\t\t\t\t\t<\/li>\n\t\t\t\t\t\t\t\t<li class=\"elementor-icon-list-item\">\n\t\t\t\t\t\t\t\t\t\t\t<a href=\"https:\/\/www.devsolutiongroup.net\/index.php\/participation-au-enquetes-socioeconomiques-par-eies\/\">\n\n\t\t\t\t\t\t\t\t\t\t\t\t<span class=\"elementor-icon-list-icon\">\n\t\t\t\t\t\t\t<i aria-hidden=\"true\" class=\"far fa-folder-open\"><\/i>\t\t\t\t\t\t<\/span>\n\t\t\t\t\t\t\t\t\t\t<span class=\"elementor-icon-list-text\">PARTICIPATION AU ENQUETES SOCIOECONOMIQUES PAR EIES<\/span>\n\t\t\t\t\t\t\t\t\t\t\t<\/a>\n\t\t\t\t\t\t\t\t\t<\/li>\n\t\t\t\t\t\t\t\t<li class=\"elementor-icon-list-item\">\n\t\t\t\t\t\t\t\t\t\t\t<a href=\"https:\/\/www.devsolutiongroup.net\/index.php\/acompagnement-dadizor\/\">\n\n\t\t\t\t\t\t\t\t\t\t\t\t<span class=\"elementor-icon-list-icon\">\n\t\t\t\t\t\t\t<i aria-hidden=\"true\" class=\"far fa-folder-open\"><\/i>\t\t\t\t\t\t<\/span>\n\t\t\t\t\t\t\t\t\t\t<span class=\"elementor-icon-list-text\">ACOMPAGNEMENT D\u2019ADIZOR<\/span>\n\t\t\t\t\t\t\t\t\t\t\t<\/a>\n\t\t\t\t\t\t\t\t\t<\/li>\n\t\t\t\t\t\t<\/ul>\n\t\t\t\t<\/div>\n\t\t\t\t<\/div>\n\t\t\t\t<div class=\"elementor-element elementor-element-2add2665 elementor-vertical-align-top elementor-widget elementor-widget-icon-box\" data-id=\"2add2665\" data-element_type=\"widget\" data-widget_type=\"icon-box.default\">\n\t\t\t\t<div class=\"elementor-widget-container\">\n\t\t\t\t\t<div class=\"elementor-icon-box-wrapper\">\n\t\t\t\t\t\t<div class=\"elementor-icon-box-icon\">\n\t\t\t\t<span class=\"elementor-icon elementor-animation-\" >\n\t\t\t\t\t\t\t\t<\/span>\n\t\t\t<\/div>\n\t\t\t\t\t\t<div class=\"elementor-icon-box-content\">\n\t\t\t\t<h3 class=\"elementor-icon-box-title\">\n\t\t\t\t\t<span  >\n\t\t\t\t\t\tDETAILS SUR LE CLIENT\t\t\t\t\t<\/span>\n\t\t\t\t<\/h3>\n\t\t\t\t\t\t\t\t\t<p class=\"elementor-icon-box-description\">\n\t\t\t\t\t\thttps:\/\/www.minader.cm\/ \t\t\t\t\t<\/p>\n\t\t\t\t\t\t\t<\/div>\n\t\t<\/div>\n\t\t\t\t<\/div>\n\t\t\t\t<\/div>\n\t\t\t\t<div class=\"elementor-element elementor-element-4e914748 elementor-widget elementor-widget-heading\" data-id=\"4e914748\" data-element_type=\"widget\" data-widget_type=\"heading.default\">\n\t\t\t\t<div class=\"elementor-widget-container\">\n\t\t\t<h3 class=\"elementor-heading-title elementor-size-small\">AVIS DES BENEFICIAIRES ET DU CLIENT<\/h3>\t\t<\/div>\n\t\t\t\t<\/div>\n\t\t\t\t<div class=\"elementor-element elementor-element-6712a518 elementor-widget-divider--view-line elementor-widget elementor-widget-divider\" data-id=\"6712a518\" data-element_type=\"widget\" data-widget_type=\"divider.default\">\n\t\t\t\t<div class=\"elementor-widget-container\">\n\t\t\t\t\t<div class=\"elementor-divider\">\n\t\t\t<span class=\"elementor-divider-separator\">\n\t\t\t\t\t\t<\/span>\n\t\t<\/div>\n\t\t\t\t<\/div>\n\t\t\t\t<\/div>\n\t\t\t\t<div class=\"elementor-element elementor-element-4b9a9ec5 elementor-widget elementor-widget-testimonial\" data-id=\"4b9a9ec5\" data-element_type=\"widget\" data-widget_type=\"testimonial.default\">\n\t\t\t\t<div class=\"elementor-widget-container\">\n\t\t\t\t\t<div class=\"elementor-testimonial-wrapper\">\n\t\t\t\t\t\t\t<div class=\"elementor-testimonial-content\">\"Cette formation a \u00e9t\u00e9 assez enrichissante. Nous avons re\u00e7u plusieurs comp\u00e9tences en SIG et G\u00e9omatique qui nous seront assez utiles dans notre travail au quotidien \"<\/div>\n\t\t\t\n\t\t\t\t\t\t<div class=\"elementor-testimonial-meta elementor-has-image elementor-testimonial-image-position-aside\">\n\t\t\t\t<div class=\"elementor-testimonial-meta-inner\">\n\t\t\t\t\t\t\t\t\t\t\t<div class=\"elementor-testimonial-image\">\n\t\t\t\t\t\t\t<img decoding=\"async\" width=\"300\" height=\"291\" src=\"https:\/\/www.devsolutiongroup.net\/wp-content\/uploads\/2021\/09\/020180921_175345-300x291.jpg\" class=\"attachment-medium size-medium wp-image-8178\" alt=\"\" loading=\"lazy\" srcset=\"https:\/\/www.devsolutiongroup.net\/wp-content\/uploads\/2021\/09\/020180921_175345-300x291.jpg 300w, https:\/\/www.devsolutiongroup.net\/wp-content\/uploads\/2021\/09\/020180921_175345-1024x994.jpg 1024w, https:\/\/www.devsolutiongroup.net\/wp-content\/uploads\/2021\/09\/020180921_175345-768x746.jpg 768w, https:\/\/www.devsolutiongroup.net\/wp-content\/uploads\/2021\/09\/020180921_175345-1536x1491.jpg 1536w, https:\/\/www.devsolutiongroup.net\/wp-content\/uploads\/2021\/09\/020180921_175345-2048x1988.jpg 2048w\" sizes=\"(max-width: 300px) 100vw, 300px\" \/>\t\t\t\t\t\t<\/div>\n\t\t\t\t\t\n\t\t\t\t\t\t\t\t\t\t<div class=\"elementor-testimonial-details\">\n\t\t\t\t\t\t\t\t\t\t\t\t\t\t<div class=\"elementor-testimonial-name\">EKONDI Aghate<\/div>\n\t\t\t\t\t\t\t\t\t\t\t\t\t\t\t\t\t\t\t\t\t\t<div class=\"elementor-testimonial-job\">Participante<\/div>\n\t\t\t\t\t\t\t\t\t\t\t\t\t<\/div>\n\t\t\t\t\t\t\t\t\t<\/div>\n\t\t\t<\/div>\n\t\t\t\t\t<\/div>\n\t\t\t\t<\/div>\n\t\t\t\t<\/div>\n\t\t\t\t<div class=\"elementor-element elementor-element-16dd9d7d elementor-widget elementor-widget-testimonial\" data-id=\"16dd9d7d\" data-element_type=\"widget\" data-widget_type=\"testimonial.default\">\n\t\t\t\t<div class=\"elementor-widget-container\">\n\t\t\t\t\t<div class=\"elementor-testimonial-wrapper\">\n\t\t\t\t\t\t\t<div class=\"elementor-testimonial-content\">\" Nous avons appr\u00e9ci\u00e9e la qualit\u00e9 de la formation, ainsi que les approches et la disponibilit\u00e9 des formateurs.  Nous f\u00e9licitons le consultant  \"<\/div>\n\t\t\t\n\t\t\t\t\t\t<div class=\"elementor-testimonial-meta elementor-has-image elementor-testimonial-image-position-aside\">\n\t\t\t\t<div class=\"elementor-testimonial-meta-inner\">\n\t\t\t\t\t\t\t\t\t\t\t<div class=\"elementor-testimonial-image\">\n\t\t\t\t\t\t\t<img decoding=\"async\" width=\"300\" height=\"181\" src=\"https:\/\/www.devsolutiongroup.net\/wp-content\/uploads\/2021\/07\/logo2-300x181.png\" class=\"attachment-medium size-medium wp-image-7165\" alt=\"\" loading=\"lazy\" srcset=\"https:\/\/www.devsolutiongroup.net\/wp-content\/uploads\/2021\/07\/logo2-300x181.png 300w, https:\/\/www.devsolutiongroup.net\/wp-content\/uploads\/2021\/07\/logo2.png 423w\" sizes=\"(max-width: 300px) 100vw, 300px\" \/>\t\t\t\t\t\t<\/div>\n\t\t\t\t\t\n\t\t\t\t\t\t\t\t\t\t<div class=\"elementor-testimonial-details\">\n\t\t\t\t\t\t\t\t\t\t\t\t\t\t<div class=\"elementor-testimonial-name\">DIRECTION DU DEVELOPPEMENT DE L'AGRICULTURE<\/div>\n\t\t\t\t\t\t\t\t\t\t\t\t\t\t\t\t\t\t\t\t\t\t<div class=\"elementor-testimonial-job\">Directrice<\/div>\n\t\t\t\t\t\t\t\t\t\t\t\t\t<\/div>\n\t\t\t\t\t\t\t\t\t<\/div>\n\t\t\t<\/div>\n\t\t\t\t\t<\/div>\n\t\t\t\t<\/div>\n\t\t\t\t<\/div>\n\t\t\t\t<div class=\"elementor-element elementor-element-47bcfe01 elementor-align-justify elementor-invisible elementor-widget elementor-widget-button\" data-id=\"47bcfe01\" data-element_type=\"widget\" data-settings=\"{&quot;_animation&quot;:&quot;fadeInUp&quot;}\" data-widget_type=\"button.default\">\n\t\t\t\t<div class=\"elementor-widget-container\">\n\t\t\t\t\t<div class=\"elementor-button-wrapper\">\n\t\t\t<a class=\"elementor-button elementor-button-link elementor-size-lg\" href=\"https:\/\/www.devsolutiongroup.net\/index.php\/contact\/\">\n\t\t\t\t\t\t<span class=\"elementor-button-content-wrapper\">\n\t\t\t\t\t\t<span class=\"elementor-button-icon elementor-align-icon-left\">\n\t\t\t\t<i aria-hidden=\"true\" class=\"far fa-comment-dots\"><\/i>\t\t\t<\/span>\n\t\t\t\t\t\t<span class=\"elementor-button-text\">EN SAVOIR PLUS<\/span>\n\t\t<\/span>\n\t\t\t\t\t<\/a>\n\t\t<\/div>\n\t\t\t\t<\/div>\n\t\t\t\t<\/div>\n\t\t\t\t<div class=\"elementor-element elementor-element-4ca4c305 elementor-widget elementor-widget-spacer\" data-id=\"4ca4c305\" data-element_type=\"widget\" data-widget_type=\"spacer.default\">\n\t\t\t\t<div class=\"elementor-widget-container\">\n\t\t\t\t\t<div class=\"elementor-spacer\">\n\t\t\t<div class=\"elementor-spacer-inner\"><\/div>\n\t\t<\/div>\n\t\t\t\t<\/div>\n\t\t\t\t<\/div>\n\t\t\t\t\t<\/div>\n\t\t<\/div>\n\t\t\t\t<div class=\"elementor-column elementor-col-66 elementor-inner-column elementor-element elementor-element-3d51eb83\" data-id=\"3d51eb83\" data-element_type=\"column\">\n\t\t\t<div class=\"elementor-widget-wrap elementor-element-populated\">\n\t\t\t\t\t\t\t\t<div class=\"elementor-element elementor-element-7a2902e2 elementor-arrows-position-inside elementor-pagination-position-outside elementor-widget elementor-widget-image-carousel\" data-id=\"7a2902e2\" data-element_type=\"widget\" data-settings=\"{&quot;slides_to_show&quot;:&quot;3&quot;,&quot;navigation&quot;:&quot;both&quot;,&quot;autoplay&quot;:&quot;yes&quot;,&quot;pause_on_hover&quot;:&quot;yes&quot;,&quot;pause_on_interaction&quot;:&quot;yes&quot;,&quot;autoplay_speed&quot;:5000,&quot;infinite&quot;:&quot;yes&quot;,&quot;speed&quot;:500}\" data-widget_type=\"image-carousel.default\">\n\t\t\t\t<div class=\"elementor-widget-container\">\n\t\t\t\t\t<div class=\"elementor-image-carousel-wrapper swiper-container\" dir=\"ltr\">\n\t\t\t<div class=\"elementor-image-carousel swiper-wrapper\" aria-live=\"off\">\n\t\t\t\t\t\t\t\t<div class=\"swiper-slide\" role=\"group\" aria-roledescription=\"slide\" aria-label=\"1 sur 6\"><figure class=\"swiper-slide-inner\"><img decoding=\"async\" class=\"swiper-slide-image\" src=\"https:\/\/www.devsolutiongroup.net\/wp-content\/uploads\/elementor\/thumbs\/caroussel1-paet7oaaqygcsl7e7bg9jjn58kww0ej5btg6qu19v0.png\" alt=\"FORMATION DES FEMMES CADRES DU MINISTERE DE l\u2019AGRICULTURE ET DU DEVELOPPEMENT RURAL (MINADER)\" \/><\/figure><\/div><div class=\"swiper-slide\" role=\"group\" aria-roledescription=\"slide\" aria-label=\"2 sur 6\"><figure class=\"swiper-slide-inner\"><img decoding=\"async\" class=\"swiper-slide-image\" src=\"https:\/\/www.devsolutiongroup.net\/wp-content\/uploads\/elementor\/thumbs\/20180920_112303-scaled-pcr7vvh80u4n64xjl74zxazcsyonhizd0xpp934ox8.jpg\" alt=\"20180920_112303\" \/><\/figure><\/div><div class=\"swiper-slide\" role=\"group\" aria-roledescription=\"slide\" aria-label=\"3 sur 6\"><figure class=\"swiper-slide-inner\"><img decoding=\"async\" class=\"swiper-slide-image\" src=\"https:\/\/www.devsolutiongroup.net\/wp-content\/uploads\/elementor\/thumbs\/20180920_100906-scaled-pcr7txx5z3hfazqkvd2lssj8ug7hnxb83dfrqlztpo.jpg\" alt=\"20180920_100906\" \/><\/figure><\/div><div class=\"swiper-slide\" role=\"group\" aria-roledescription=\"slide\" aria-label=\"4 sur 6\"><figure class=\"swiper-slide-inner\"><img decoding=\"async\" class=\"swiper-slide-image\" src=\"https:\/\/www.devsolutiongroup.net\/wp-content\/uploads\/elementor\/thumbs\/appuiconseil-pada5rl0kldczk1d5mkz6o8maxhk7chqua5stgmpf0.png\" alt=\"appuiconseil\" \/><\/figure><\/div><div class=\"swiper-slide\" role=\"group\" aria-roledescription=\"slide\" aria-label=\"5 sur 6\"><figure class=\"swiper-slide-inner\"><img decoding=\"async\" class=\"swiper-slide-image\" src=\"https:\/\/www.devsolutiongroup.net\/wp-content\/uploads\/elementor\/thumbs\/020180921_175345-pcmqzyolurftlw07a42cddg7gw9ynahwdmzxm0ure4.jpg\" alt=\"020180921_175345\" \/><\/figure><\/div><div class=\"swiper-slide\" role=\"group\" aria-roledescription=\"slide\" aria-label=\"6 sur 6\"><figure class=\"swiper-slide-inner\"><img decoding=\"async\" class=\"swiper-slide-image\" src=\"https:\/\/www.devsolutiongroup.net\/wp-content\/uploads\/elementor\/thumbs\/20180920_105452-scaled-pcr7vasruhcc2prkxy77eg77qhiks6p9m3d0ozzcq4.jpg\" alt=\"20180920_105452\" \/><\/figure><\/div>\t\t\t<\/div>\n\t\t\t\t\t\t\t\t\t\t\t\t<div class=\"elementor-swiper-button elementor-swiper-button-prev\" role=\"button\" tabindex=\"0\">\n\t\t\t\t\t\t<i aria-hidden=\"true\" class=\"eicon-chevron-left\"><\/i>\t\t\t\t\t<\/div>\n\t\t\t\t\t<div class=\"elementor-swiper-button elementor-swiper-button-next\" role=\"button\" tabindex=\"0\">\n\t\t\t\t\t\t<i aria-hidden=\"true\" class=\"eicon-chevron-right\"><\/i>\t\t\t\t\t<\/div>\n\t\t\t\t\n\t\t\t\t\t\t\t\t\t<div class=\"swiper-pagination\"><\/div>\n\t\t\t\t\t\t\t\t\t<\/div>\n\t\t\t\t<\/div>\n\t\t\t\t<\/div>\n\t\t\t\t<div class=\"elementor-element elementor-element-740d110d elementor-widget elementor-widget-heading\" data-id=\"740d110d\" data-element_type=\"widget\" data-widget_type=\"heading.default\">\n\t\t\t\t<div class=\"elementor-widget-container\">\n\t\t\t<h2 class=\"elementor-heading-title elementor-size-default\">NOTRE APPROCHE D\u2019INTERVENTION<\/h2>\t\t<\/div>\n\t\t\t\t<\/div>\n\t\t\t\t<div class=\"elementor-element elementor-element-6be67025 elementor-widget-divider--view-line elementor-widget elementor-widget-divider\" data-id=\"6be67025\" data-element_type=\"widget\" data-widget_type=\"divider.default\">\n\t\t\t\t<div class=\"elementor-widget-container\">\n\t\t\t\t\t<div class=\"elementor-divider\">\n\t\t\t<span class=\"elementor-divider-separator\">\n\t\t\t\t\t\t<\/span>\n\t\t<\/div>\n\t\t\t\t<\/div>\n\t\t\t\t<\/div>\n\t\t\t\t<div class=\"elementor-element elementor-element-7c0a856 elementor-widget elementor-widget-text-editor\" data-id=\"7c0a856\" data-element_type=\"widget\" data-widget_type=\"text-editor.default\">\n\t\t\t\t<div class=\"elementor-widget-container\">\n\t\t\t\t\t\t\t<p>Notre approche op\u00e9rationnelle de formation dans le cadre de cette mission a consist\u00e9 dans un premier temps, en amont (avant et au d\u00e9but de la formation), au recueil des attentes et commentaires des participants apr\u00e8s transmission du programme d\u00e9taill\u00e9 de formation. Par la suite, ont suivi des s\u00e9ances d\u2019animation des sessions interactives en salle avec des cas pratiques, des illustrations et des simulations. <br \/>Les descentes sur le terrain ont permis aux participants de se familiariser avec les outils, m\u00e9thodes, \u00e9tapes de collecte ainsi que les processus de pr\u00e9paration et mise en place d\u2019une op\u00e9ration de collecte de donn\u00e9es sur le terrain. Les retours de terrain suivis du traitement et l\u2019analyse de donn\u00e9es, ainsi que leurs applications aux logiciels ont permis aux participants de s\u2019exercer et de prendre la main. Les supports de cours (Word et PowerPoint) physiques et num\u00e9riques ainsi que des tutoriels d\u2019utilisation de GPS et de logiciels SIG ont \u00e9t\u00e9 par ailleurs remis aux participants pour aide-m\u00e9moire. <br \/>Les \u00e9valuations \u00e0 la fin de chaque module ainsi l\u2019\u00e9valuation et la restitution finale ont permis de faire les ajustements au fur et \u00e0 mesure de l\u2019avancement de la formation, mais \u00e9galement de confirmer que les comp\u00e9tences ont \u00e9t\u00e9 acquises et qu\u2019elles sont fonctionnelles. <br \/>Le suivi post-formation a permis de v\u00e9rifier et s\u2019assurer que les comp\u00e9tences transf\u00e9r\u00e9es fonctionnent et que les b\u00e9n\u00e9ficiaires sont autonomes.<br \/>Le rapport et tous les livrables ont ainsi \u00e9t\u00e9 remis au Client.<\/p>\t\t\t\t\t\t<\/div>\n\t\t\t\t<\/div>\n\t\t\t\t<div class=\"elementor-element elementor-element-e7b5800 elementor-widget elementor-widget-heading\" data-id=\"e7b5800\" data-element_type=\"widget\" data-widget_type=\"heading.default\">\n\t\t\t\t<div class=\"elementor-widget-container\">\n\t\t\t<h2 class=\"elementor-heading-title elementor-size-default\">LE CLIENT ET LA DEMANDE EN QUELQUES MOTS<\/h2>\t\t<\/div>\n\t\t\t\t<\/div>\n\t\t\t\t<div class=\"elementor-element elementor-element-6ff7365e elementor-widget-divider--view-line elementor-widget elementor-widget-divider\" data-id=\"6ff7365e\" data-element_type=\"widget\" data-widget_type=\"divider.default\">\n\t\t\t\t<div class=\"elementor-widget-container\">\n\t\t\t\t\t<div class=\"elementor-divider\">\n\t\t\t<span class=\"elementor-divider-separator\">\n\t\t\t\t\t\t<\/span>\n\t\t<\/div>\n\t\t\t\t<\/div>\n\t\t\t\t<\/div>\n\t\t\t\t<div class=\"elementor-element elementor-element-87d66d8 elementor-widget elementor-widget-text-editor\" data-id=\"87d66d8\" data-element_type=\"widget\" data-widget_type=\"text-editor.default\">\n\t\t\t\t<div class=\"elementor-widget-container\">\n\t\t\t\t\t\t\t<p>Le troisi\u00e8me programme de la Politique Nationale Genre (PNG) du Minist\u00e8re de la Promotion de la Femme et de la Famille (MINPROFF) intitul\u00e9 \u00ab promotion de l\u2019\u00e9galit\u00e9 des chances et d\u2019opportunit\u00e9s entre les hommes et les femmes dans les domaines \u00e9conomiques \u00bb, vise d\u2019ici 2020 de voir r\u00e9gresser la pauvret\u00e9 des femmes avec comme effet qu\u2019au moins 50% des femmes engag\u00e9es dans les activit\u00e9s \u00e9conomiques contr\u00f4lent les principaux moyens de productions, notamment les femmes rurales. Le plan d\u2019action multisectoriel de la PNG attribue la responsabilit\u00e9 de l\u2019atteinte de ses objectifs au MINADER.<\/p><p>L\u2019analyse des contraintes au d\u00e9veloppement du secteur agricole et rural a relev\u00e9 cinq (05), faits majeurs:<\/p><p>\u2022 Les contraintes de productivit\u00e9 et de production,<br \/>\u2022 Les contraintes d\u2019acc\u00e8s aux march\u00e9s,<br \/>\u2022 Les contraintes de la pr\u00e9carit\u00e9 des conditions de vie en milieu rural,<br \/>\u2022 Les contraintes d\u2019organisation, d\u2019emploi et de formation des producteurs,<br \/>\u2022 Les contraintes de gestion des ressources naturelles, de l\u2019environnement institutionnel et de l\u2019insuffisance des financements.<br \/>Dans l\u2019optique de relever les d\u00e9fis de la gestion des ressources naturelles et de la formation des producteurs, la Direction du D\u00e9veloppement de l\u2019Agriculture (DDA) du MINADER, \u00e0 travers son UNITE GENRE a confi\u00e9 au Bureau DEV SOLUTION la mission de renforcement des capacit\u00e9s des femmes (20) du MINADER en SIG et g\u00e9omatique afin de les rendre capables de r\u00e9aliser les plans locaux d\u2019am\u00e9nagement et de d\u00e9veloppement durable d\u2019une part, mais aussi d\u2019\u00eatre des formateurs d\u2019autres groupes de femmes int\u00e9ress\u00e9es d\u2019autre part.<br \/><strong>DEV SOLUTION<\/strong> devait :<br \/>\u2022 Concevoir les supports p\u00e9dagogiques (documents de formation) ;<br \/>\u2022 Organiser la formation de 20 femmes du MINADER en SIG et G\u00e9omatique<br \/>\u2022 R\u00e9diger un rapport de formation.<\/p>\t\t\t\t\t\t<\/div>\n\t\t\t\t<\/div>\n\t\t\t\t\t<\/div>\n\t\t<\/div>\n\t\t\t\t\t\t\t<\/div>\n\t\t<\/section>\n\t\t\t\t\t<\/div>\n\t\t<\/div>\n\t\t\t\t\t\t\t<\/div>\n\t\t<\/section>\n\t\t\t\t\t\t\t<\/div>\n\t\t","protected":false},"excerpt":{"rendered":"<p>FORMATION DES CADRES DU MINISTERE DE L&rsquo;AGRICULTURE (MINADER) Nous avons form\u00e9 et appuy\u00e9 les femmes cadres du Minist\u00e8re de l\u2019Agriculture et du D\u00e9veloppement Rural (MINADER) sur les Syst\u00e8mes d\u2019Information G\u00e9ographique (SIG) et en cartographie. FORMATION DES CADRES DU MINADER FORMATION-APPUI DES INGENIEURS DU MINEPIA EVALUATION DU PROJET PRM DE LWF ELABORATION DU GUIDE DE VULGARISATION [&hellip;]<\/p>\n","protected":false},"author":2,"featured_media":0,"parent":0,"menu_order":0,"comment_status":"closed","ping_status":"closed","template":"","meta":[],"_links":{"self":[{"href":"https:\/\/www.devsolutiongroup.net\/index.php\/wp-json\/wp\/v2\/pages\/8104"}],"collection":[{"href":"https:\/\/www.devsolutiongroup.net\/index.php\/wp-json\/wp\/v2\/pages"}],"about":[{"href":"https:\/\/www.devsolutiongroup.net\/index.php\/wp-json\/wp\/v2\/types\/page"}],"author":[{"embeddable":true,"href":"https:\/\/www.devsolutiongroup.net\/index.php\/wp-json\/wp\/v2\/users\/2"}],"replies":[{"embeddable":true,"href":"https:\/\/www.devsolutiongroup.net\/index.php\/wp-json\/wp\/v2\/comments?post=8104"}],"version-history":[{"count":51,"href":"https:\/\/www.devsolutiongroup.net\/index.php\/wp-json\/wp\/v2\/pages\/8104\/revisions"}],"predecessor-version":[{"id":8394,"href":"https:\/\/www.devsolutiongroup.net\/index.php\/wp-json\/wp\/v2\/pages\/8104\/revisions\/8394"}],"wp:attachment":[{"href":"https:\/\/www.devsolutiongroup.net\/index.php\/wp-json\/wp\/v2\/media?parent=8104"}],"curies":[{"name":"wp","href":"https:\/\/api.w.org\/{rel}","templated":true}]}}