{"id":7625,"date":"2021-08-28T04:25:12","date_gmt":"2021-08-28T02:25:12","guid":{"rendered":"http:\/\/www.devsolutiongroup.net\/?page_id=7625"},"modified":"2021-09-22T09:10:45","modified_gmt":"2021-09-22T07:10:45","slug":"elaboration-des-plans-de-devellopement","status":"publish","type":"page","link":"https:\/\/www.devsolutiongroup.net\/index.php\/elaboration-des-plans-de-devellopement\/","title":{"rendered":"elaboration des plans de devellopement"},"content":{"rendered":"\t\t<div data-elementor-type=\"wp-page\" data-elementor-id=\"7625\" class=\"elementor elementor-7625\">\n\t\t\t\t\t\t\t\t\t<section class=\"elementor-section elementor-top-section elementor-element elementor-element-1b0be3c0 envato-kit-141-top-0 elementor-section-boxed elementor-section-height-default elementor-section-height-default\" data-id=\"1b0be3c0\" data-element_type=\"section\" data-settings=\"{&quot;background_background&quot;:&quot;classic&quot;}\">\n\t\t\t\t\t\t\t<div class=\"elementor-background-overlay\"><\/div>\n\t\t\t\t\t\t\t<div class=\"elementor-container elementor-column-gap-wider\">\n\t\t\t\t\t<div class=\"elementor-column elementor-col-50 elementor-top-column elementor-element elementor-element-3f970d49\" data-id=\"3f970d49\" data-element_type=\"column\">\n\t\t\t<div class=\"elementor-widget-wrap\">\n\t\t\t\t\t\t\t\t\t<\/div>\n\t\t<\/div>\n\t\t\t\t<div class=\"elementor-column elementor-col-50 elementor-top-column elementor-element elementor-element-4ecd2fc5\" data-id=\"4ecd2fc5\" data-element_type=\"column\">\n\t\t\t<div class=\"elementor-widget-wrap elementor-element-populated\">\n\t\t\t\t\t\t\t\t<div class=\"elementor-element elementor-element-6bd0156f elementor-invisible elementor-widget elementor-widget-heading\" data-id=\"6bd0156f\" data-element_type=\"widget\" data-settings=\"{&quot;_animation&quot;:&quot;fadeIn&quot;,&quot;_animation_delay&quot;:100}\" data-widget_type=\"heading.default\">\n\t\t\t\t<div class=\"elementor-widget-container\">\n\t\t\t<h2 class=\"elementor-heading-title elementor-size-default\">ELABORATION DES PLANS DE DEVELOPPEMENT<\/h2>\t\t<\/div>\n\t\t\t\t<\/div>\n\t\t\t\t<div class=\"elementor-element elementor-element-538bc25e elementor-invisible elementor-widget elementor-widget-text-editor\" data-id=\"538bc25e\" data-element_type=\"widget\" data-settings=\"{&quot;_animation&quot;:&quot;fadeIn&quot;,&quot;_animation_delay&quot;:200}\" data-widget_type=\"text-editor.default\">\n\t\t\t\t<div class=\"elementor-widget-container\">\n\t\t\t\t\t\t\t<p>Les plans de d\u00e9veloppement constituent les outils fondamentaux de gestion du d\u00e9veloppement, ayant pour but de promouvoir le d\u00e9veloppement social sur un territoire donn\u00e9. Pour ce faire, ils \u00e9tablissent les bases pour r\u00e9pondre aux besoins non satisfaits de la population et pour am\u00e9liorer la qualit\u00e9 et les conditions de vie de tous les citoyens sur ce territoire.<\/p>\t\t\t\t\t\t<\/div>\n\t\t\t\t<\/div>\n\t\t\t\t<div class=\"elementor-element elementor-element-dccec22 elementor-widget-divider--view-line elementor-invisible elementor-widget elementor-widget-divider\" data-id=\"dccec22\" data-element_type=\"widget\" data-settings=\"{&quot;_animation&quot;:&quot;fadeIn&quot;,&quot;_animation_delay&quot;:250}\" data-widget_type=\"divider.default\">\n\t\t\t\t<div class=\"elementor-widget-container\">\n\t\t\t\t\t<div class=\"elementor-divider\">\n\t\t\t<span class=\"elementor-divider-separator\">\n\t\t\t\t\t\t<\/span>\n\t\t<\/div>\n\t\t\t\t<\/div>\n\t\t\t\t<\/div>\n\t\t\t\t<div class=\"elementor-element elementor-element-6b26f2a6 elementor-invisible elementor-widget elementor-widget-text-editor\" data-id=\"6b26f2a6\" data-element_type=\"widget\" data-settings=\"{&quot;_animation&quot;:&quot;fadeIn&quot;,&quot;_animation_delay&quot;:300}\" data-widget_type=\"text-editor.default\">\n\t\t\t\t<div class=\"elementor-widget-container\">\n\t\t\t\t\t\t\t<p>Qu\u2019il s\u2019agisse de la planification strat\u00e9gique ou op\u00e9rationnelle ; au niveau national, r\u00e9gional, d\u00e9partemental, communal ou m\u00eame communautaire, DEV SOLUTION dispose des experts qualifi\u00e9s et exp\u00e9riment\u00e9s pouvant r\u00e9aliser ces prestations en coh\u00e9rence avec les besoins du client et les politiques de d\u00e9veloppement en vigueur.<\/p>\t\t\t\t\t\t<\/div>\n\t\t\t\t<\/div>\n\t\t\t\t<section class=\"elementor-section elementor-inner-section elementor-element elementor-element-38ac01c9 elementor-section-content-middle envato-kit-141-bottom-0 elementor-section-boxed elementor-section-height-default elementor-section-height-default elementor-invisible\" data-id=\"38ac01c9\" data-element_type=\"section\" data-settings=\"{&quot;background_background&quot;:&quot;classic&quot;,&quot;animation&quot;:&quot;fadeInDown&quot;,&quot;animation_delay&quot;:100}\">\n\t\t\t\t\t\t<div class=\"elementor-container elementor-column-gap-no\">\n\t\t\t\t\t<div class=\"elementor-column elementor-col-100 elementor-inner-column elementor-element elementor-element-172ea0fc\" data-id=\"172ea0fc\" data-element_type=\"column\">\n\t\t\t<div class=\"elementor-widget-wrap elementor-element-populated\">\n\t\t\t\t\t\t\t\t<div class=\"elementor-element elementor-element-2eb67167 elementor-mobile-align-center elementor-align-center elementor-widget elementor-widget-button\" data-id=\"2eb67167\" data-element_type=\"widget\" data-widget_type=\"button.default\">\n\t\t\t\t<div class=\"elementor-widget-container\">\n\t\t\t\t\t<div class=\"elementor-button-wrapper\">\n\t\t\t<a class=\"elementor-button elementor-button-link elementor-size-md\" href=\"https:\/\/www.devsolutiongroup.net\/index.php\/contact\/\">\n\t\t\t\t\t\t<span class=\"elementor-button-content-wrapper\">\n\t\t\t\t\t\t<span class=\"elementor-button-icon elementor-align-icon-left\">\n\t\t\t\t<i aria-hidden=\"true\" class=\"far fa-envelope\"><\/i>\t\t\t<\/span>\n\t\t\t\t\t\t<span class=\"elementor-button-text\">Nous contacter<\/span>\n\t\t<\/span>\n\t\t\t\t\t<\/a>\n\t\t<\/div>\n\t\t\t\t<\/div>\n\t\t\t\t<\/div>\n\t\t\t\t\t<\/div>\n\t\t<\/div>\n\t\t\t\t\t\t\t<\/div>\n\t\t<\/section>\n\t\t\t\t\t<\/div>\n\t\t<\/div>\n\t\t\t\t\t\t\t<\/div>\n\t\t<\/section>\n\t\t\t\t\t\t\t<\/div>\n\t\t","protected":false},"excerpt":{"rendered":"<p>Previous Next ELABORATION DES PLANS DE DEVELOPPEMENT Les plans de d\u00e9veloppement constituent les outils fondamentaux de gestion du d\u00e9veloppement, ayant pour but de promouvoir le d\u00e9veloppement social sur un territoire donn\u00e9. Pour ce faire, ils \u00e9tablissent les bases pour r\u00e9pondre aux besoins non satisfaits de la population et pour am\u00e9liorer la qualit\u00e9 et les conditions [&hellip;]<\/p>\n","protected":false},"author":2,"featured_media":0,"parent":0,"menu_order":0,"comment_status":"closed","ping_status":"closed","template":"","meta":[],"_links":{"self":[{"href":"https:\/\/www.devsolutiongroup.net\/index.php\/wp-json\/wp\/v2\/pages\/7625"}],"collection":[{"href":"https:\/\/www.devsolutiongroup.net\/index.php\/wp-json\/wp\/v2\/pages"}],"about":[{"href":"https:\/\/www.devsolutiongroup.net\/index.php\/wp-json\/wp\/v2\/types\/page"}],"author":[{"embeddable":true,"href":"https:\/\/www.devsolutiongroup.net\/index.php\/wp-json\/wp\/v2\/users\/2"}],"replies":[{"embeddable":true,"href":"https:\/\/www.devsolutiongroup.net\/index.php\/wp-json\/wp\/v2\/comments?post=7625"}],"version-history":[{"count":13,"href":"https:\/\/www.devsolutiongroup.net\/index.php\/wp-json\/wp\/v2\/pages\/7625\/revisions"}],"predecessor-version":[{"id":8576,"href":"https:\/\/www.devsolutiongroup.net\/index.php\/wp-json\/wp\/v2\/pages\/7625\/revisions\/8576"}],"wp:attachment":[{"href":"https:\/\/www.devsolutiongroup.net\/index.php\/wp-json\/wp\/v2\/media?parent=7625"}],"curies":[{"name":"wp","href":"https:\/\/api.w.org\/{rel}","templated":true}]}}