{"id":7556,"date":"2021-08-25T11:39:50","date_gmt":"2021-08-25T09:39:50","guid":{"rendered":"http:\/\/www.devsolutiongroup.net\/?page_id=7556"},"modified":"2023-12-31T22:47:37","modified_gmt":"2023-12-31T21:47:37","slug":"sig-et-cartographie","status":"publish","type":"page","link":"https:\/\/www.devsolutiongroup.net\/index.php\/sig-et-cartographie\/","title":{"rendered":"SIG"},"content":{"rendered":"\t\t<div data-elementor-type=\"wp-page\" data-elementor-id=\"7556\" class=\"elementor elementor-7556\">\n\t\t\t\t\t\t\t\t\t<section class=\"elementor-section elementor-top-section elementor-element elementor-element-19f82604 envato-kit-141-top-0 elementor-section-boxed elementor-section-height-default elementor-section-height-default\" data-id=\"19f82604\" data-element_type=\"section\" data-settings=\"{&quot;background_background&quot;:&quot;classic&quot;}\">\n\t\t\t\t\t\t\t<div class=\"elementor-background-overlay\"><\/div>\n\t\t\t\t\t\t\t<div class=\"elementor-container elementor-column-gap-wider\">\n\t\t\t\t\t<div class=\"elementor-column elementor-col-50 elementor-top-column elementor-element elementor-element-700c8521\" data-id=\"700c8521\" data-element_type=\"column\">\n\t\t\t<div class=\"elementor-widget-wrap elementor-element-populated\">\n\t\t\t\t\t\t\t\t<div class=\"elementor-element elementor-element-bc1b73c elementor-widget elementor-widget-image\" data-id=\"bc1b73c\" data-element_type=\"widget\" data-widget_type=\"image.default\">\n\t\t\t\t<div class=\"elementor-widget-container\">\n\t\t\t\t\t\t\t\t\t\t\t\t\t\t\t\t<a href=\"https:\/\/www.devsolutiongroup.net\/wp-content\/uploads\/2021\/06\/sig-et-cartographie.png\" data-elementor-open-lightbox=\"yes\" data-elementor-lightbox-title=\"sig et cartographie\" data-e-action-hash=\"#elementor-action%3Aaction%3Dlightbox%26settings%3DeyJpZCI6NjkxMiwidXJsIjoiaHR0cHM6XC9cL3d3dy5kZXZzb2x1dGlvbmdyb3VwLm5ldFwvd3AtY29udGVudFwvdXBsb2Fkc1wvMjAyMVwvMDZcL3NpZy1ldC1jYXJ0b2dyYXBoaWUucG5nIn0%3D\">\n\t\t\t\t\t\t\t<img decoding=\"async\" width=\"745\" height=\"626\" src=\"https:\/\/www.devsolutiongroup.net\/wp-content\/uploads\/2021\/06\/sig-et-cartographie.png\" class=\"attachment-large size-large wp-image-6912\" alt=\"\" loading=\"lazy\" srcset=\"https:\/\/www.devsolutiongroup.net\/wp-content\/uploads\/2021\/06\/sig-et-cartographie.png 745w, https:\/\/www.devsolutiongroup.net\/wp-content\/uploads\/2021\/06\/sig-et-cartographie-300x252.png 300w\" sizes=\"(max-width: 745px) 100vw, 745px\" \/>\t\t\t\t\t\t\t\t<\/a>\n\t\t\t\t\t\t\t\t\t\t\t\t\t\t\t<\/div>\n\t\t\t\t<\/div>\n\t\t\t\t\t<\/div>\n\t\t<\/div>\n\t\t\t\t<div class=\"elementor-column elementor-col-50 elementor-top-column elementor-element elementor-element-248fea59\" data-id=\"248fea59\" data-element_type=\"column\">\n\t\t\t<div class=\"elementor-widget-wrap elementor-element-populated\">\n\t\t\t\t\t\t\t\t<div class=\"elementor-element elementor-element-3ff44a62 elementor-invisible elementor-widget elementor-widget-heading\" data-id=\"3ff44a62\" data-element_type=\"widget\" data-settings=\"{&quot;_animation&quot;:&quot;fadeIn&quot;,&quot;_animation_delay&quot;:100}\" data-widget_type=\"heading.default\">\n\t\t\t\t<div class=\"elementor-widget-container\">\n\t\t\t<h2 class=\"elementor-heading-title elementor-size-default\">SIG ET CARTOGRAPHIE<\/h2>\t\t<\/div>\n\t\t\t\t<\/div>\n\t\t\t\t<div class=\"elementor-element elementor-element-1e7ecdc7 elementor-invisible elementor-widget elementor-widget-text-editor\" data-id=\"1e7ecdc7\" data-element_type=\"widget\" data-settings=\"{&quot;_animation&quot;:&quot;fadeIn&quot;,&quot;_animation_delay&quot;:200}\" data-widget_type=\"text-editor.default\">\n\t\t\t\t<div class=\"elementor-widget-container\">\n\t\t\t\t\t\t\t<p>Le SIG permet d\u2019acqu\u00e9rir, d\u2019organiser, de g\u00e9rer, de traiter et de restituer des donn\u00e9es g\u00e9ographiques sous forme de plans et cartes (cartographie intuitive et \u00e9volutive).<br \/>Il s\u2019agit d\u2019un syst\u00e8me de gestion entrepreneurial qui permet \u00e0 toute organisation (entreprise ou collectivit\u00e9) de g\u00e9rer spatialement son activit\u00e9.<\/p>\t\t\t\t\t\t<\/div>\n\t\t\t\t<\/div>\n\t\t\t\t<div class=\"elementor-element elementor-element-6e37056d elementor-widget-divider--view-line elementor-invisible elementor-widget elementor-widget-divider\" data-id=\"6e37056d\" data-element_type=\"widget\" data-settings=\"{&quot;_animation&quot;:&quot;fadeIn&quot;,&quot;_animation_delay&quot;:250}\" data-widget_type=\"divider.default\">\n\t\t\t\t<div class=\"elementor-widget-container\">\n\t\t\t\t\t<div class=\"elementor-divider\">\n\t\t\t<span class=\"elementor-divider-separator\">\n\t\t\t\t\t\t<\/span>\n\t\t<\/div>\n\t\t\t\t<\/div>\n\t\t\t\t<\/div>\n\t\t\t\t<div class=\"elementor-element elementor-element-7c889de5 elementor-invisible elementor-widget elementor-widget-text-editor\" data-id=\"7c889de5\" data-element_type=\"widget\" data-settings=\"{&quot;_animation&quot;:&quot;fadeIn&quot;,&quot;_animation_delay&quot;:300}\" data-widget_type=\"text-editor.default\">\n\t\t\t\t<div class=\"elementor-widget-container\">\n\t\t\t\t\t\t\t<p>Nous collectons, traitons et analysons les donn\u00e9es g\u00e9ographiques pour le compte de nos clients. Aussi, nous r\u00e9alisons tous types de cartes g\u00e9ographiques et mettons en place des Syst\u00e8mes d\u2019Information G\u00e9ographique (SIG) et des bases de donn\u00e9es pour les organisations et les projets.<\/p>\t\t\t\t\t\t<\/div>\n\t\t\t\t<\/div>\n\t\t\t\t<section class=\"elementor-section elementor-inner-section elementor-element elementor-element-74553cc5 elementor-section-content-middle envato-kit-141-bottom-0 elementor-section-boxed elementor-section-height-default elementor-section-height-default elementor-invisible\" data-id=\"74553cc5\" data-element_type=\"section\" data-settings=\"{&quot;background_background&quot;:&quot;classic&quot;,&quot;animation&quot;:&quot;fadeInDown&quot;,&quot;animation_delay&quot;:100}\">\n\t\t\t\t\t\t<div class=\"elementor-container elementor-column-gap-no\">\n\t\t\t\t\t<div class=\"elementor-column elementor-col-100 elementor-inner-column elementor-element elementor-element-48e1949b\" data-id=\"48e1949b\" data-element_type=\"column\">\n\t\t\t<div class=\"elementor-widget-wrap elementor-element-populated\">\n\t\t\t\t\t\t\t\t<div class=\"elementor-element elementor-element-4eb1239b elementor-mobile-align-center elementor-align-center elementor-widget elementor-widget-button\" data-id=\"4eb1239b\" data-element_type=\"widget\" data-widget_type=\"button.default\">\n\t\t\t\t<div class=\"elementor-widget-container\">\n\t\t\t\t\t<div class=\"elementor-button-wrapper\">\n\t\t\t<a class=\"elementor-button elementor-button-link elementor-size-md\" href=\"https:\/\/www.devsolutiongroup.net\/index.php\/contact\/\">\n\t\t\t\t\t\t<span class=\"elementor-button-content-wrapper\">\n\t\t\t\t\t\t<span class=\"elementor-button-icon elementor-align-icon-left\">\n\t\t\t\t<i aria-hidden=\"true\" class=\"far fa-envelope\"><\/i>\t\t\t<\/span>\n\t\t\t\t\t\t<span class=\"elementor-button-text\">Nous contacter<\/span>\n\t\t<\/span>\n\t\t\t\t\t<\/a>\n\t\t<\/div>\n\t\t\t\t<\/div>\n\t\t\t\t<\/div>\n\t\t\t\t\t<\/div>\n\t\t<\/div>\n\t\t\t\t\t\t\t<\/div>\n\t\t<\/section>\n\t\t\t\t\t<\/div>\n\t\t<\/div>\n\t\t\t\t\t\t\t<\/div>\n\t\t<\/section>\n\t\t\t\t\t\t\t<\/div>\n\t\t","protected":false},"excerpt":{"rendered":"<p>SIG ET CARTOGRAPHIE Le SIG permet d\u2019acqu\u00e9rir, d\u2019organiser, de g\u00e9rer, de traiter et de restituer des donn\u00e9es g\u00e9ographiques sous forme de plans et cartes (cartographie intuitive et \u00e9volutive).Il s\u2019agit d\u2019un syst\u00e8me de gestion entrepreneurial qui permet \u00e0 toute organisation (entreprise ou collectivit\u00e9) de g\u00e9rer spatialement son activit\u00e9. Nous collectons, traitons et analysons les donn\u00e9es g\u00e9ographiques [&hellip;]<\/p>\n","protected":false},"author":2,"featured_media":0,"parent":0,"menu_order":0,"comment_status":"closed","ping_status":"closed","template":"","meta":[],"_links":{"self":[{"href":"https:\/\/www.devsolutiongroup.net\/index.php\/wp-json\/wp\/v2\/pages\/7556"}],"collection":[{"href":"https:\/\/www.devsolutiongroup.net\/index.php\/wp-json\/wp\/v2\/pages"}],"about":[{"href":"https:\/\/www.devsolutiongroup.net\/index.php\/wp-json\/wp\/v2\/types\/page"}],"author":[{"embeddable":true,"href":"https:\/\/www.devsolutiongroup.net\/index.php\/wp-json\/wp\/v2\/users\/2"}],"replies":[{"embeddable":true,"href":"https:\/\/www.devsolutiongroup.net\/index.php\/wp-json\/wp\/v2\/comments?post=7556"}],"version-history":[{"count":46,"href":"https:\/\/www.devsolutiongroup.net\/index.php\/wp-json\/wp\/v2\/pages\/7556\/revisions"}],"predecessor-version":[{"id":9292,"href":"https:\/\/www.devsolutiongroup.net\/index.php\/wp-json\/wp\/v2\/pages\/7556\/revisions\/9292"}],"wp:attachment":[{"href":"https:\/\/www.devsolutiongroup.net\/index.php\/wp-json\/wp\/v2\/media?parent=7556"}],"curies":[{"name":"wp","href":"https:\/\/api.w.org\/{rel}","templated":true}]}}